{"id":1688,"date":"2017-04-28T06:28:07","date_gmt":"2017-04-28T06:28:07","guid":{"rendered":"https:\/\/demo.brothersthemes.com\/comrepair\/?page_id=7"},"modified":"2018-09-24T06:27:01","modified_gmt":"2018-09-24T06:27:01","slug":"about-us","status":"publish","type":"page","link":"https:\/\/www.tecnofruta.com\/fr\/about-us\/","title":{"rendered":"Nous"},"content":{"rendered":"<p>[vc_section css=\u00a0\u00bb.vc_custom_1493460058558{background-image: url(http:\/\/localhost\/wp-content\/uploads\/2017\/04\/pexels-photo-320517-bg.jpg?id=106) !important;}\u00a0\u00bb][vc_row][vc_column offset=\u00a0\u00bbvc_col-md-offset-2 vc_col-md-8&Prime;][comrepair_section_heading]<\/p>\n<h4 class=\"text-uppercase\" style=\"text-align: center;\">L&rsquo;entreprise<\/h4>\n<p class=\"lead\" style=\"text-align: center;\">La qualit\u00e9 et l&rsquo;exp\u00e9rience sont nos ma\u00eetres mots.<\/p>\n<p>[\/comrepair_section_heading][\/vc_column][\/vc_row][vc_row][vc_column width=\u00a0\u00bb1\/2&Prime;][vc_column_text]<\/p>\n<div align=\"justify\">Tecnofruta Levante, S.L. est une entreprise innovante ax\u00e9e sur la qualit\u00e9 et le service, toujours \u00e0 la recherche de la satisfaction du client.<\/div>\n<div align=\"justify\">Cr\u00e9\u00e9 en 1995 par des professionnels avec plus de 30 ans d&rsquo;exp\u00e9rience dans les technologies modernes pour le secteur des fruits et l\u00e9gumes.<\/div>\n<div align=\"justify\">Lorsqu&rsquo;une installation sp\u00e9cialis\u00e9e est n\u00e9cessaire, l&rsquo;\u00e9quipe de TECNOFRUTA est disponible pour la r\u00e9aliser.<\/div>\n<p>[\/vc_column_text][\/vc_column][vc_column width=\u00a0\u00bb1\/2&Prime;][vc_column_text]<\/p>\n<div align=\"justify\">Le symbole de TECNOFRUTA est la \u00ab\u00a0pomme\u00a0\u00bb et donne un sens \u00e0 notre mission essentielle.La \u00ab\u00a0pomme\u00a0\u00bb symbolise la chose la plus d\u00e9licate \u00e0 g\u00e9rer dans le monde des fruits, et \u00eatre capable de travailler avec nous nous rend fiers.<\/div>\n<div align=\"justify\">De nombreux services sont propos\u00e9s et incluent pratiquement toutes les machines de traitement et de s\u00e9lection des fruits et l\u00e9gumes, du plus simple au plus sophistiqu\u00e9.<\/div>\n<p>[\/vc_column_text][\/vc_column][\/vc_row][vc_row full_width=\u00a0\u00bbstretch_row\u00a0\u00bb css=\u00a0\u00bb.vc_custom_1493361563672{padding-top: 35px !important;}\u00a0\u00bb][vc_column offset=\u00a0\u00bbvc_col-md-offset-2 vc_col-md-8&Prime;][vc_video link=\u00a0\u00bbhttps:\/\/www.youtube.com\/watch?v=Bi-SDZfOfJg\u00a0\u00bb align=\u00a0\u00bbcenter\u00a0\u00bb][\/vc_column][\/vc_row][\/vc_section][vc_section css=\u00a0\u00bb.vc_custom_1493206392618{background-color: #f5f5f5 !important;}\u00a0\u00bb][vc_row css=\u00a0\u00bb.vc_custom_1530806815958{padding-top: 100px !important;padding-bottom: 100px !important;background-image: url(http:\/\/localhost\/wp-content\/uploads\/2018\/06\/board-463968_1920-2.jpg?id=1758) !important;}\u00a0\u00bb][vc_column][vc_column_text]<\/p>\n<p class=\"headline\" style=\"text-align: center;\">Des projets adapt\u00e9s \u00e0 vos besoins<\/p>\n<p>[\/vc_column_text][\/vc_column][\/vc_row][vc_row][vc_column offset=\u00a0\u00bbvc_col-md-offset-2 vc_col-md-8&Prime;][comrepair_section_heading]<\/p>\n<h4 class=\"text-uppercase\" style=\"text-align: center;\"><span id=\"result_box\" class=\"short_text\" lang=\"fr\" tabindex=\"-1\"><span class=\"\">conception et fabrication sur mesure<\/span><\/span><\/h4>\n<div class=\"lead\" style=\"text-align: center;\">TECNOFRUTA a une solution pour presque tous les types de fruits et l\u00e9gumes aux processus d&rsquo;\u00e9talonnage, de tri et de classement.<\/div>\n<p>[\/comrepair_section_heading][\/vc_column][\/vc_row][vc_row][vc_column width=\u00a0\u00bb1\/2&Prime;][vc_column_text]<\/p>\n<div align=\"justify\"><span id=\"result_box\" class=\"\" lang=\"fr\" tabindex=\"-1\"><span class=\"\">Les installations sp\u00e9cialis\u00e9es, con\u00e7ues par TECNOFRUTA, incluent le tri \u00e9lectronique dans des coupes traditionnelles, dans tous les formats de taille et dans la cha\u00eene intelligente, des petits fruits comme l&rsquo;abricot, la prune, etc. aux gros fruits comme le melon.<\/span><br \/>\n<span class=\"\">Pour presque tous les types de fruits ou de l\u00e9gumes, TECNOFRUTA propose une solution de calibrage (de l&rsquo;ail aux concombres et de l&rsquo;abricot \u00e0 l&rsquo;eau-melon).<\/span><\/span><\/div>\n<p>[\/vc_column_text][\/vc_column][vc_column width=\u00a0\u00bb1\/2&Prime;][vc_column_text]<\/p>\n<div align=\"justify\">L&rsquo;offre de TECNOFRUTA comprend:<\/div>\n<ul>\n<li>Technologie dans les machines apr\u00e8s r\u00e9colte pour fruits et l\u00e9gumes<\/li>\n<li>Automatisation industrielle \u00ab\u00a0made in TECNOFRUTA\u00a0\u00bb<\/li>\n<li>Jauges \u00e9lectroniques en poids, diam\u00e8tre et couleur<\/li>\n<li>Lignes compl\u00e8tes pour le traitement et l&rsquo;\u00e9talonnage des fruits et l\u00e9gumes<\/li>\n<li>Peseuses, camions \u00e0 benne basculante, remplisseuses, etc &#8230;<\/li>\n<\/ul>\n<p>[\/vc_column_text][\/vc_column][\/vc_row][\/vc_section][vc_row full_width=\u00a0\u00bbstretch_row\u00a0\u00bb css=\u00a0\u00bb.vc_custom_1493290368518{margin-right: -30px !important;margin-left: -30px !important;}\u00a0\u00bb][vc_column][vc_media_grid element_width=\u00a0\u00bb2&Prime; gap=\u00a0\u00bb0&Prime; grid_id=\u00a0\u00bbvc_gid:1537459434041-86db7828-6dfe-2&Prime; include=\u00a0\u00bb1815,1812,1806,1805,1793,1789,1784,1782,1779,1777,1773,1771,1770,1766,1765,1800&Prime; css=\u00a0\u00bb.vc_custom_1531152888729{margin-top: 0px !important;margin-right: 0px !important;margin-bottom: 0px !important;margin-left: 0px !important;}\u00a0\u00bb][\/vc_column][\/vc_row][vc_section css=\u00a0\u00bb.vc_custom_1493289652931{background-color: #f5f5f5 !important;}\u00a0\u00bb][vc_row][vc_column offset=\u00a0\u00bbvc_col-md-offset-2 vc_col-md-8&Prime;][comrepair_section_heading]<\/p>\n<h4 class=\"text-uppercase\" style=\"text-align: center;\">FIER DE CE QUE NOUS FAISONS<\/h4>\n<p class=\"lead\" style=\"text-align: center;\">Des centaines d&rsquo;installations r\u00e9ussies sont notre garantie.<\/p>\n<p>[\/comrepair_section_heading][\/vc_column][\/vc_row][vc_row][vc_column width=\u00a0\u00bb1\/2&Prime;][vc_column_text]<\/p>\n<div align=\"justify\">Pour les petits entrep\u00f4ts et productions, TECNOFRUTA con\u00e7oit des installations de grande \u00e9conomie et pratique. <span class=\"\">Pour les agrumes et d&rsquo;autres fruits r\u00e9sistants, des lignes sont fabriqu\u00e9es, y compris des peseuses et des machines automatiques de remplissage de granul\u00e9s.<\/span><\/div>\n<div align=\"justify\">L&rsquo;automatisation des op\u00e9rations est garantie par des installations \u00e9lectriques et \u00e9lectroniques r\u00e9alis\u00e9es par du personnel sp\u00e9cialis\u00e9 de TECNOFRUTA.<\/div>\n<p>[\/vc_column_text][\/vc_column][vc_column width=\u00a0\u00bb1\/2&Prime;][vc_column_text]<\/p>\n<div align=\"justify\">Notre personnel hautement qualifi\u00e9 est pr\u00eat \u00e0 relever tous les d\u00e9fis qui peuvent survenir. Chaque facilit\u00e9 est con\u00e7ue, con\u00e7ue, fabriqu\u00e9e, transport\u00e9e et mise en service en fonction des besoins de chaque client. De cette fa\u00e7on, l&rsquo;adaptation maximale aux processus productifs du client est r\u00e9alis\u00e9e dans les plus brefs d\u00e9lais et toujours en conformit\u00e9 avec les normes de qualit\u00e9 les plus \u00e9lev\u00e9es du secteur et de la r\u00e9glementation en vigueur.<\/div>\n<p>[\/vc_column_text][\/vc_column][\/vc_row][\/vc_section][vc_section disable_element=\u00a0\u00bbyes\u00a0\u00bb][vc_row][vc_column][comrepair_section_heading decoration=\u00a0\u00bbdecor-2&Prime;]<\/p>\n<h4 class=\"text-uppercase\" style=\"text-align: center;\"><span id=\"result_box\" class=\"short_text\" lang=\"fr\" tabindex=\"-1\">t\u00e9moignages<\/span><\/h4>\n<p style=\"text-align: center;\"><em><span id=\"result_box\" class=\"short_text\" lang=\"fr\" tabindex=\"-1\"><span class=\"\">Des centaines de clients satisfaits<\/span><\/span><\/em><\/p>\n<p>[\/comrepair_section_heading][\/vc_column][\/vc_row][vc_row][vc_column][comrepair_testimonials_carousel posts_per_page=\u00a0\u00bb6&Prime;][\/vc_column][\/vc_row][\/vc_section]<\/p>","protected":false},"excerpt":{"rendered":"<p>[vc_section css=\u00a0\u00bb.vc_custom_1493460058558{background-image: url(http:\/\/localhost\/wp-content\/uploads\/2017\/04\/pexels-photo-320517-bg.jpg?id=106) !important;}\u00a0\u00bb][vc_row][vc_column offset=\u00a0\u00bbvc_col-md-offset-2 vc_col-md-8&Prime;][comrepair_section_heading] L&rsquo;entreprise La qualit\u00e9 et l&rsquo;exp\u00e9rience sont nos ma\u00eetres mots. [\/comrepair_section_heading][\/vc_column][\/vc_row][vc_row][vc_column width=\u00a0\u00bb1\/2&Prime;][vc_column_text] Tecnofruta Levante, S.L. est une entreprise innovante ax\u00e9e sur la qualit\u00e9 et le service, toujours \u00e0 la recherche de la satisfaction du client. Cr\u00e9\u00e9 en 1995 par des professionnels avec plus de 30 ans d&rsquo;exp\u00e9rience dans les technologies [&hellip;]<\/p>\n","protected":false},"author":1,"featured_media":0,"parent":0,"menu_order":0,"comment_status":"closed","ping_status":"closed","template":"","meta":[],"_links":{"self":[{"href":"https:\/\/www.tecnofruta.com\/fr\/wp-json\/wp\/v2\/pages\/1688"}],"collection":[{"href":"https:\/\/www.tecnofruta.com\/fr\/wp-json\/wp\/v2\/pages"}],"about":[{"href":"https:\/\/www.tecnofruta.com\/fr\/wp-json\/wp\/v2\/types\/page"}],"author":[{"embeddable":true,"href":"https:\/\/www.tecnofruta.com\/fr\/wp-json\/wp\/v2\/users\/1"}],"replies":[{"embeddable":true,"href":"https:\/\/www.tecnofruta.com\/fr\/wp-json\/wp\/v2\/comments?post=1688"}],"version-history":[{"count":45,"href":"https:\/\/www.tecnofruta.com\/fr\/wp-json\/wp\/v2\/pages\/1688\/revisions"}],"predecessor-version":[{"id":2573,"href":"https:\/\/www.tecnofruta.com\/fr\/wp-json\/wp\/v2\/pages\/1688\/revisions\/2573"}],"wp:attachment":[{"href":"https:\/\/www.tecnofruta.com\/fr\/wp-json\/wp\/v2\/media?parent=1688"}],"curies":[{"name":"wp","href":"https:\/\/api.w.org\/{rel}","templated":true}]}}