{"id":1690,"date":"2017-04-28T06:52:06","date_gmt":"2017-04-28T06:52:06","guid":{"rendered":"https:\/\/demo.brothersthemes.com\/comrepair\/?page_id=34"},"modified":"2020-01-31T12:07:54","modified_gmt":"2020-01-31T12:07:54","slug":"home","status":"publish","type":"page","link":"https:\/\/www.tecnofruta.com\/fr\/","title":{"rendered":"Accueil"},"content":{"rendered":"<p>[vc_row full_width=\u00a0\u00bbstretch_row\u00a0\u00bb][vc_column][rev_slider_vc alias=\u00a0\u00bbhome-slider-3&Prime;][\/vc_column][\/vc_row][vc_section css=\u00a0\u00bb.vc_custom_1491950498217{padding-bottom: 0px !important;}\u00a0\u00bb][vc_row][vc_column][comrepair_section_heading decoration=\u00a0\u00bbdecor-1&Prime;]<\/p>\n<h4 class=\"text-uppercase\" style=\"text-align: center;\">Tecnofruta Levante SL<\/h4>\n<p style=\"text-align: center;\"><em>Qualit\u00e9 et service<\/em><\/p>\n<p>[\/comrepair_section_heading][\/vc_column][\/vc_row][vc_row][vc_column][comrepair_text_image image_id=\u00a0\u00bb2226&Prime;][comrepair_feature_box icon_font=\u00a0\u00bbtypicons\u00a0\u00bb icon_typicons=\u00a0\u00bbtypcn typcn-flag\u00a0\u00bb]<\/p>\n<h3 class=\"title\">Travaille depuis 1995<\/h3>\n<p style=\"text-align: justify;\">Plus de 20 ans d&rsquo;exp\u00e9rience dans la conception et la mise en marche de syst\u00e8mes de traitement de fruits et l\u00e9gumes nous permettent de relever tous les d\u00e9fis avec des garanties de succ\u00e8s. Notre objectif est de satisfaire les besoins de nos clients \u00e0 travers des produits et services de qualit\u00e9.<\/p>\n<p>[\/comrepair_feature_box][comrepair_feature_box icon_font=\u00a0\u00bbtypicons\u00a0\u00bb icon_typicons=\u00a0\u00bbtypcn typcn-mortar-board\u00a0\u00bb]<\/p>\n<h3 class=\"title\">Personnel qualifi\u00e9 \u00e0 votre disposition<\/h3>\n<p>Les domaines d&rsquo;action de notre personnel sont principalement divis\u00e9s en:<\/p>\n<ul>\n<li>Conception<\/li>\n<li>M\u00e9canique<\/li>\n<li>\u00c9lectricit\u00e9 \/ \u00c9lectronique<\/li>\n<li>Logiciel<\/li>\n<\/ul>\n<p>Le service apr\u00e8s-vente assure la r\u00e9solution des incidents \u00e0 distance ou en personne, quelle que soit la nature du probl\u00e8me. La satisfaction de nos clients est notre objectif principal.<\/p>\n<p><a class=\"btn btn-secondary\" style=\"margin-top: 25px;\" href=\"#\">Plus d&rsquo;informations<\/a>[\/comrepair_feature_box][\/comrepair_text_image][\/vc_column][\/vc_row][\/vc_section][vc_section css=\u00a0\u00bb.vc_custom_1491950621550{padding-bottom: 0px !important;background-color: #f5f5f5 !important;}\u00a0\u00bb][vc_row][vc_column][comrepair_section_heading decoration=\u00a0\u00bbdecor-1&Prime;]<\/p>\n<h4 class=\"text-uppercase\" style=\"text-align: center;\">Pourquoi nous choisir<\/h4>\n<p style=\"text-align: center;\"><em>Nos principales diff\u00e9rences<\/em><\/p>\n<p>[\/comrepair_section_heading][\/vc_column][\/vc_row][vc_row][vc_column width=\u00a0\u00bb1\/6&Prime; offset=\u00a0\u00bbvc_hidden-sm vc_hidden-xs\u00a0\u00bb][\/vc_column][vc_column offset=\u00a0\u00bbvc_col-md-8&Prime;][vc_column_text]<\/p>\n<p style=\"text-align: center;\"><span id=\"result_box\" class=\"\" lang=\"fr\" tabindex=\"-1\">Le plus important pour nous est que nos clients soient satisfaits des produits et services que nous offrons. Chez Tecnofruta Levante, nous croyons qu&rsquo;un client satisfait est le meilleur atout qu&rsquo;une entreprise puisse avoir et la principale raison d&rsquo;\u00eatre fi\u00e8re du travail accompli.<\/span><\/p>\n<p>[\/vc_column_text][\/vc_column][vc_column width=\u00a0\u00bb1\/6&Prime; offset=\u00a0\u00bbvc_hidden-sm vc_hidden-xs\u00a0\u00bb][\/vc_column][\/vc_row][vc_row el_id=\u00a0\u00bbfeatures-row\u00a0\u00bb][vc_column width=\u00a0\u00bb1\/2&Prime; offset=\u00a0\u00bbvc_col-md-3 vc_col-xs-6&Prime;][comrepair_feature_box style=\u00a0\u00bbstyle-2&Prime; icon_font=\u00a0\u00bbtypicons\u00a0\u00bb icon_typicons=\u00a0\u00bbtypcn typcn-thumbs-up\u00a0\u00bb image_id=\u00a0\u00bb113&Prime;]<\/p>\n<h5 class=\"title\" style=\"text-align: center;\">Exp\u00e9rience<\/h5>\n<p style=\"text-align: center;\">De la conception \u00e0 la fabrication en passant par le transport et la mise en service, notre longue exp\u00e9rience nous permet de relever tous les d\u00e9fis avec des garanties de succ\u00e8s.<\/p>\n<p>[\/comrepair_feature_box][\/vc_column][vc_column width=\u00a0\u00bb1\/2&Prime; offset=\u00a0\u00bbvc_col-md-3 vc_col-xs-6&Prime;][comrepair_feature_box style=\u00a0\u00bbstyle-2&Prime; icon_font=\u00a0\u00bbtypicons\u00a0\u00bb icon_typicons=\u00a0\u00bbtypcn typcn-mortar-board\u00a0\u00bb image_id=\u00a0\u00bb85&Prime;]<\/p>\n<h5 class=\"title\" style=\"text-align: center;\">Comp\u00e9tence<\/h5>\n<p style=\"text-align: center;\">Gr\u00e2ce \u00e0 notre personnel hautement qualifi\u00e9, nous relevons chaque jour un d\u00e9fi pour r\u00e9pondre aux besoins de nos clients.<\/p>\n<p>[\/comrepair_feature_box][\/vc_column][vc_column width=\u00a0\u00bb1\/2&Prime; offset=\u00a0\u00bbvc_col-md-3 vc_col-xs-6&Prime;][comrepair_feature_box style=\u00a0\u00bbstyle-2&Prime; icon_font=\u00a0\u00bbtypicons\u00a0\u00bb icon_typicons=\u00a0\u00bbtypcn typcn-tick-outline\u00a0\u00bb image_id=\u00a0\u00bb494&Prime;]<\/p>\n<h5 class=\"title\" style=\"text-align: center;\">Qualit\u00e9<\/h5>\n<p style=\"text-align: center;\">Tous nos produits et services offrent les plus hauts standards de contr\u00f4le et de qualit\u00e9, en conformit\u00e9 avec la l\u00e9gislation en vigueur.<\/p>\n<p>[\/comrepair_feature_box][\/vc_column][vc_column width=\u00a0\u00bb1\/2&Prime; offset=\u00a0\u00bbvc_col-md-3 vc_col-xs-6&Prime;][comrepair_feature_box style=\u00a0\u00bbstyle-2&Prime; icon_font=\u00a0\u00bbtypicons\u00a0\u00bb icon_typicons=\u00a0\u00bbtypcn typcn-heart-outline\u00a0\u00bb image_id=\u00a0\u00bb496&Prime;]<\/p>\n<h5 class=\"title\" style=\"text-align: center;\">Garanties<\/h5>\n<p style=\"text-align: center;\">Nos clients b\u00e9n\u00e9ficient de la garantie correspondante sur tous nos produits et services ainsi que d&rsquo;un service apr\u00e8s-vente pour la r\u00e9solution des incidents.<\/p>\n<p>[\/comrepair_feature_box][\/vc_column][\/vc_row][vc_row disable_element=\u00a0\u00bbyes\u00a0\u00bb el_id=\u00a0\u00bbstatistics-row\u00a0\u00bb css=\u00a0\u00bb.vc_custom_1537459413144{margin-top: -15px !important;padding-bottom: 45px !important;}\u00a0\u00bb][vc_column][comrepair_section_heading]<\/p>\n<h4 class=\"text-uppercase\" style=\"text-align: center;\"><span id=\"result_box\" class=\"short_text\" lang=\"fr\" tabindex=\"-1\">Nos statistiques jusqu&rsquo;\u00e0 pr\u00e9sent<\/span><\/h4>\n<p>[\/comrepair_section_heading][comrepair_statistics_box]<\/p>\n<ul>\n<li>1115 Calibrateurs<\/li>\n<li>3077 Gerbeurs<\/li>\n<li>7210 D\u00e9charges<\/li>\n<li>3657 Machines de remplissage<\/li>\n<li>8134 Peseurs<\/li>\n<\/ul>\n<p>[\/comrepair_statistics_box][\/vc_column][\/vc_row][\/vc_section][vc_section disable_element=\u00a0\u00bbyes\u00a0\u00bb][vc_row][vc_column][comrepair_section_heading decoration=\u00a0\u00bbdecor-2&Prime;]<\/p>\n<h4 class=\"text-uppercase\" style=\"text-align: center;\">Ce que les gens disent<\/h4>\n<p style=\"text-align: center;\"><em><br \/>\nDes centaines de clients satisfaits<\/em><\/p>\n<p>[\/comrepair_section_heading][\/vc_column][\/vc_row][vc_row][vc_column][comrepair_testimonials_carousel posts_per_page=\u00a0\u00bb6&Prime;][\/vc_column][\/vc_row][\/vc_section][vc_section][vc_row][vc_column][comrepair_section_heading decoration=\u00a0\u00bbdecor-1&Prime;]<\/p>\n<h3 class=\"text-uppercase\" style=\"text-align: center;\">ils nous font confiance<\/h3>\n<p style=\"text-align: center;\"><em>Ce sont certains de nos principaux clients<\/em><\/p>\n<p>[\/comrepair_section_heading][\/vc_column][\/vc_row][vc_row][vc_column][comrepair_logo_box image_ids=\u00a0\u00bb2485,2481,2480,2479,2478,2477,2476,2475,2474,2473,2472,2471,2470,2469,2468,2467,2466,2465,2464,2463,2462,2461,2460,2459,2458,2457,2456,2455,2454,2453,2452,2451,2450,2449,2448&Prime;][\/vc_column][\/vc_row][\/vc_section][vc_section css=\u00a0\u00bb.vc_custom_1491951074505{background-color: #f5f5f5 !important;}\u00a0\u00bb][vc_row][vc_column][comrepair_section_heading decoration=\u00a0\u00bbdecor-1&Prime;]<\/p>\n<h4 class=\"text-uppercase\" style=\"text-align: center;\">Blog<\/h4>\n<p style=\"text-align: center;\"><em><span id=\"result_box\" class=\"short_text\" lang=\"fr\" tabindex=\"-1\">Nouvelles de l&rsquo;entreprise et conseils \u00e0 nos clients<\/span><\/em><\/p>\n<p>[\/comrepair_section_heading][\/vc_column][\/vc_row][vc_row][vc_column][comrepair_posts_feed][\/vc_column][\/vc_row][\/vc_section][vc_row content_placement=\u00a0\u00bbmiddle\u00a0\u00bb el_class=\u00a0\u00bbbg-secondary\u00a0\u00bb][vc_column offset=\u00a0\u00bbvc_col-md-7&Prime;][comrepair_cta button_href=\u00a0\u00bbhttps:\/\/www.tecnofruta.com\/contacts\/\u00a0\u00bb button_text=\u00a0\u00bbContact\u00a0\u00bb]<\/p>\n<h2>Voulez-vous en savoir plus?<\/h2>\n<p>Contactez-nous sans compromis.<br \/>\nNous serons heureux de vous aider.[\/comrepair_cta][\/vc_column][vc_column width=\u00a0\u00bb5\/12&Prime; css=\u00a0\u00bb.vc_custom_1493396051508{background-position: center !important;background-repeat: no-repeat !important;background-size: cover !important;}\u00a0\u00bb offset=\u00a0\u00bbvc_hidden-sm vc_hidden-xs\u00a0\u00bb][vc_single_image image=\u00a0\u00bb2023&Prime; img_size=\u00a0\u00bb350&#215;315&Prime; alignment=\u00a0\u00bbcenter\u00a0\u00bb][\/vc_column][\/vc_row]<\/p>","protected":false},"excerpt":{"rendered":"<p>[vc_row full_width=\u00a0\u00bbstretch_row\u00a0\u00bb][vc_column][rev_slider_vc alias=\u00a0\u00bbhome-slider-3&Prime;][\/vc_column][\/vc_row][vc_section css=\u00a0\u00bb.vc_custom_1491950498217{padding-bottom: 0px !important;}\u00a0\u00bb][vc_row][vc_column][comrepair_section_heading decoration=\u00a0\u00bbdecor-1&Prime;] Tecnofruta Levante SL Qualit\u00e9 et service [\/comrepair_section_heading][\/vc_column][\/vc_row][vc_row][vc_column][comrepair_text_image image_id=\u00a0\u00bb2226&Prime;][comrepair_feature_box icon_font=\u00a0\u00bbtypicons\u00a0\u00bb icon_typicons=\u00a0\u00bbtypcn typcn-flag\u00a0\u00bb] Travaille depuis 1995 Plus de 20 ans d&rsquo;exp\u00e9rience dans la conception et la mise en marche de syst\u00e8mes de traitement de fruits et l\u00e9gumes nous permettent de relever tous les d\u00e9fis avec des garanties de succ\u00e8s. Notre [&hellip;]<\/p>\n","protected":false},"author":1,"featured_media":0,"parent":0,"menu_order":0,"comment_status":"closed","ping_status":"closed","template":"","meta":[],"_links":{"self":[{"href":"https:\/\/www.tecnofruta.com\/fr\/wp-json\/wp\/v2\/pages\/1690"}],"collection":[{"href":"https:\/\/www.tecnofruta.com\/fr\/wp-json\/wp\/v2\/pages"}],"about":[{"href":"https:\/\/www.tecnofruta.com\/fr\/wp-json\/wp\/v2\/types\/page"}],"author":[{"embeddable":true,"href":"https:\/\/www.tecnofruta.com\/fr\/wp-json\/wp\/v2\/users\/1"}],"replies":[{"embeddable":true,"href":"https:\/\/www.tecnofruta.com\/fr\/wp-json\/wp\/v2\/comments?post=1690"}],"version-history":[{"count":104,"href":"https:\/\/www.tecnofruta.com\/fr\/wp-json\/wp\/v2\/pages\/1690\/revisions"}],"predecessor-version":[{"id":2767,"href":"https:\/\/www.tecnofruta.com\/fr\/wp-json\/wp\/v2\/pages\/1690\/revisions\/2767"}],"wp:attachment":[{"href":"https:\/\/www.tecnofruta.com\/fr\/wp-json\/wp\/v2\/media?parent=1690"}],"curies":[{"name":"wp","href":"https:\/\/api.w.org\/{rel}","templated":true}]}}