{"id":1850,"date":"2018-06-26T15:17:09","date_gmt":"2018-06-26T15:17:09","guid":{"rendered":"http:\/\/localhost\/?page_id=1850"},"modified":"2018-10-01T14:47:00","modified_gmt":"2018-10-01T14:47:00","slug":"descargas-disponibles","status":"publish","type":"page","link":"https:\/\/www.tecnofruta.com\/fr\/descargas-disponibles\/","title":{"rendered":"T\u00e9l\u00e9chargements disponibles"},"content":{"rendered":"<p>[vc_section css=\u00a0\u00bb.vc_custom_1530081610166{background-image: url(https:\/\/www.tecnofruta.com\/wp-content\/uploads\/2018\/06\/pexels-photo-320517-bg.jpg?id=1762) !important;}\u00a0\u00bb][vc_row][vc_column offset=\u00a0\u00bbvc_col-md-offset-2 vc_col-md-8&Prime;][comrepair_section_heading]<\/p>\n<h4 class=\"text-uppercase\" style=\"text-align: center;\"><span id=\"result_box\" class=\"short_text\" lang=\"fr\" tabindex=\"-1\"><span class=\"\">t\u00e9l\u00e9chargements<\/span><\/span><\/h4>\n<p class=\"lead\" style=\"text-align: center;\"><span id=\"result_box\" class=\"short_text\" lang=\"en\"><span class=\"\"><span id=\"result_box\" class=\"short_text\" lang=\"fr\" tabindex=\"-1\">Catalogues disponibles au t\u00e9l\u00e9chargement<\/span><\/span><\/span><\/p>\n<p>[\/comrepair_section_heading][\/vc_column][\/vc_row][vc_row][vc_column width=\u00a0\u00bb1\/2&Prime;][vc_column_text]<p><a class=\"aligncenter download-button\" href=\"https:\/\/www.tecnofruta.com\/fr\/download\/1869\/\" rel=\"nofollow\">\n\t\tT\u00e9l\u00e9charger &ldquo;Catalogue CAE-8&rdquo;\t\t<small>Catalogues-CAE-8.-FR.pdf &ndash; T\u00e9l\u00e9charg\u00e9 339 fois &ndash; 3 Mo<\/small>\n\t<\/a><\/p>[\/vc_column_text][\/vc_column][vc_column width=\u00a0\u00bb1\/2&Prime;][vc_column_text]<p><a class=\"aligncenter download-button\" href=\"https:\/\/www.tecnofruta.com\/fr\/download\/1879\/\" rel=\"nofollow\">\n\t\tT\u00e9l\u00e9charger &ldquo;Catalogue CAE-11&rdquo;\t\t<small>Catalogues-CAE-11-Polivalente-FR1.pdf &ndash; T\u00e9l\u00e9charg\u00e9 335 fois &ndash; 3 Mo<\/small>\n\t<\/a><\/p>[\/vc_column_text][\/vc_column][\/vc_row][vc_row][vc_column width=\u00a0\u00bb1\/2&Prime;][vc_column_text]<p><a class=\"aligncenter download-button\" href=\"https:\/\/www.tecnofruta.com\/fr\/download\/1887\/\" rel=\"nofollow\">\n\t\tT\u00e9l\u00e9charger &ldquo;Catalogue Carolino&rdquo;\t\t<small>Catalogue-Carolino-FR.pdf &ndash; T\u00e9l\u00e9charg\u00e9 339 fois &ndash; 5 Mo<\/small>\n\t<\/a><\/p>[\/vc_column_text][\/vc_column][vc_column width=\u00a0\u00bb1\/2&Prime;][vc_column_text]<p><a class=\"aligncenter download-button\" href=\"https:\/\/www.tecnofruta.com\/fr\/download\/1894\/\" rel=\"nofollow\">\n\t\tT\u00e9l\u00e9charger &ldquo;Catalogue Pesadora (Peseur)&rdquo;\t\t<small>Catalogue-Pesadora-FR.pdf &ndash; T\u00e9l\u00e9charg\u00e9 322 fois &ndash; 4 Mo<\/small>\n\t<\/a><\/p>[\/vc_column_text][\/vc_column][\/vc_row][vc_row][vc_column width=\u00a0\u00bb1\/2&Prime;][vc_column_text]<p><a class=\"aligncenter download-button\" href=\"https:\/\/www.tecnofruta.com\/fr\/download\/1902\/\" rel=\"nofollow\">\n\t\tT\u00e9l\u00e9charger &ldquo;Catalogue Tazas General (Tasses)&rdquo;\t\t<small>Catalogue-Tazas-general-FR.pdf &ndash; T\u00e9l\u00e9charg\u00e9 335 fois &ndash; 4 Mo<\/small>\n\t<\/a><\/p>[\/vc_column_text][\/vc_column][vc_column width=\u00a0\u00bb1\/2&Prime;][vc_column_text]<p><a class=\"aligncenter download-button\" href=\"https:\/\/www.tecnofruta.com\/fr\/download\/1909\/\" rel=\"nofollow\">\n\t\tT\u00e9l\u00e9charger &ldquo;Catalogue Tricolor&rdquo;\t\t<small>Catalogue-Tricolor-FR.pdf &ndash; T\u00e9l\u00e9charg\u00e9 307 fois &ndash; 3 Mo<\/small>\n\t<\/a><\/p>[\/vc_column_text][\/vc_column][\/vc_row][vc_row][vc_column width=\u00a0\u00bb1\/2&Prime;][vc_column_text]<p><a class=\"aligncenter download-button\" href=\"https:\/\/www.tecnofruta.com\/fr\/download\/1916\/\" rel=\"nofollow\">\n\t\tT\u00e9l\u00e9charger &ldquo;Catalogue Calibrateurs&rdquo;\t\t<small>Catalogue-Calibradores-FR.pdf &ndash; T\u00e9l\u00e9charg\u00e9 352 fois &ndash; 7 Mo<\/small>\n\t<\/a><\/p>[\/vc_column_text][\/vc_column][vc_column width=\u00a0\u00bb1\/2&Prime;][vc_column_text]<p><a class=\"aligncenter download-button\" href=\"https:\/\/www.tecnofruta.com\/fr\/download\/1923\/\" rel=\"nofollow\">\n\t\tT\u00e9l\u00e9charger &ldquo;Catalogue Car EKO&rdquo;\t\t<small>Catalogue-Car-EKO-FR.pdf &ndash; T\u00e9l\u00e9charg\u00e9 351 fois &ndash; 3 Mo<\/small>\n\t<\/a><\/p>[\/vc_column_text][\/vc_column][\/vc_row][\/vc_section]<\/p>","protected":false},"excerpt":{"rendered":"<p>[vc_section css=\u00a0\u00bb.vc_custom_1530081610166{background-image: url(https:\/\/www.tecnofruta.com\/wp-content\/uploads\/2018\/06\/pexels-photo-320517-bg.jpg?id=1762) !important;}\u00a0\u00bb][vc_row][vc_column offset=\u00a0\u00bbvc_col-md-offset-2 vc_col-md-8&Prime;][comrepair_section_heading] t\u00e9l\u00e9chargements Catalogues disponibles au t\u00e9l\u00e9chargement [\/comrepair_section_heading][\/vc_column][\/vc_row][vc_row][vc_column width=\u00a0\u00bb1\/2&Prime;][vc_column_text][\/vc_column_text][\/vc_column][vc_column width=\u00a0\u00bb1\/2&Prime;][vc_column_text][\/vc_column_text][\/vc_column][\/vc_row][vc_row][vc_column width=\u00a0\u00bb1\/2&Prime;][vc_column_text][\/vc_column_text][\/vc_column][vc_column width=\u00a0\u00bb1\/2&Prime;][vc_column_text][\/vc_column_text][\/vc_column][\/vc_row][vc_row][vc_column width=\u00a0\u00bb1\/2&Prime;][vc_column_text][\/vc_column_text][\/vc_column][vc_column width=\u00a0\u00bb1\/2&Prime;][vc_column_text][\/vc_column_text][\/vc_column][\/vc_row][vc_row][vc_column width=\u00a0\u00bb1\/2&Prime;][vc_column_text][\/vc_column_text][\/vc_column][vc_column width=\u00a0\u00bb1\/2&Prime;][vc_column_text][\/vc_column_text][\/vc_column][\/vc_row][\/vc_section]<\/p>\n","protected":false},"author":1,"featured_media":0,"parent":0,"menu_order":0,"comment_status":"closed","ping_status":"closed","template":"","meta":[],"_links":{"self":[{"href":"https:\/\/www.tecnofruta.com\/fr\/wp-json\/wp\/v2\/pages\/1850"}],"collection":[{"href":"https:\/\/www.tecnofruta.com\/fr\/wp-json\/wp\/v2\/pages"}],"about":[{"href":"https:\/\/www.tecnofruta.com\/fr\/wp-json\/wp\/v2\/types\/page"}],"author":[{"embeddable":true,"href":"https:\/\/www.tecnofruta.com\/fr\/wp-json\/wp\/v2\/users\/1"}],"replies":[{"embeddable":true,"href":"https:\/\/www.tecnofruta.com\/fr\/wp-json\/wp\/v2\/comments?post=1850"}],"version-history":[{"count":47,"href":"https:\/\/www.tecnofruta.com\/fr\/wp-json\/wp\/v2\/pages\/1850\/revisions"}],"predecessor-version":[{"id":2702,"href":"https:\/\/www.tecnofruta.com\/fr\/wp-json\/wp\/v2\/pages\/1850\/revisions\/2702"}],"wp:attachment":[{"href":"https:\/\/www.tecnofruta.com\/fr\/wp-json\/wp\/v2\/media?parent=1850"}],"curies":[{"name":"wp","href":"https:\/\/api.w.org\/{rel}","templated":true}]}}