{"id":2092,"date":"2018-07-13T14:32:38","date_gmt":"2018-07-13T14:32:38","guid":{"rendered":"http:\/\/localhost\/?page_id=2092"},"modified":"2018-09-21T09:56:07","modified_gmt":"2018-09-21T09:56:07","slug":"politica-de-cookies","status":"publish","type":"page","link":"https:\/\/www.tecnofruta.com\/fr\/politica-de-cookies\/","title":{"rendered":"Politique de cookies"},"content":{"rendered":"<p>[vc_section][vc_row][vc_column width=\u00a0\u00bb1\/2&Prime;][comrepair_section_heading]<\/p>\n<h2>Politique de cookies<\/h2>\n<p>[\/comrepair_section_heading][vc_column_text]<\/p>\n<div align=\"justify\">\n<p>Le but de cette politique de cookies est de vous informer de mani\u00e8re claire et pr\u00e9cise sur les cookies utilis\u00e9s sur le site de Tecnofruta Levante S.L.<\/p>\n<p><b>Que sont les cookies?<\/b><\/p>\n<p>Un cookie est un petit bout de texte que les sites que vous visitez envoient au navigateur et permettent au site de se souvenir des informations vous concernant, comme votre langue pr\u00e9f\u00e9r\u00e9e et d&rsquo;autres options, afin de faciliter votre prochaine visite et rendre le site plus utile. Les cookies jouent un r\u00f4le tr\u00e8s important et contribuent \u00e0 une meilleure exp\u00e9rience de navigation pour l&rsquo;utilisateur.<\/p>\n<\/div>\n<p>[\/vc_column_text][\/vc_column][vc_column width=\u00a0\u00bb1\/2&Prime;][vc_single_image image=\u00a0\u00bb193&Prime; img_size=\u00a0\u00bb768&#215;576&Prime;][\/vc_column][\/vc_row][vc_row][vc_column][vc_column_text]<\/p>\n<div align=\"justify\">\n<p><b>Types de cookies<\/b><\/p>\n<p>Selon l&rsquo;entit\u00e9 qui g\u00e8re le domaine \u00e0 partir duquel les cookies sont envoy\u00e9s et les donn\u00e9es obtenues sont trait\u00e9es, deux types peuvent \u00eatre distingu\u00e9s: les cookies propres et les cookies tiers.<\/p>\n<p>Il existe \u00e9galement une deuxi\u00e8me classification en fonction de la p\u00e9riode de temps pendant laquelle ils restent stock\u00e9s dans le navigateur du client, qui peut \u00eatre des cookies de session ou des cookies persistants.<\/p>\n<p>Enfin, il existe une autre classification avec cinq types de cookies selon le but pour lequel les donn\u00e9es obtenues sont trait\u00e9es: cookies techniques, cookies de personnalisation, cookies d&rsquo;analyse, cookies publicitaires et cookies publicitaires comportementaux.<\/p>\n<p>Pour plus d&rsquo;informations \u00e0 ce sujet, vous pouvez consulter le Guide sur l&rsquo;utilisation des cookies par l&rsquo;Agence Espagnole de Protection des Donn\u00e9es.<\/p>\n<p><b>Cookies utilis\u00e9s sur le Web<\/b><\/p>\n<p>Les cookies suivants sont utilis\u00e9s sur ce site Web, ainsi que leur type et leur fonction:<\/p>\n<\/div>\n<p>[\/vc_column_text][vc_row_inner][vc_column_inner width=\u00a0\u00bb1\/2&Prime; offset=\u00a0\u00bbvc_col-md-3 vc_col-xs-6&Prime;][comrepair_feature_box style=\u00a0\u00bbstyle-2&Prime; icon_font=\u00a0\u00bbtypicons\u00a0\u00bb icon_typicons=\u00a0\u00bbtypcn typcn-code\u00a0\u00bb image_id=\u00a0\u00bb2121&Prime;]<b>CookiePreferences<\/b><\/p>\n<div align=\"justify\">\n<p>Ce cookie <b>priv\u00e9<\/b>, de typologie <b>technique<\/b>, permet de stocker les pr\u00e9f\u00e9rences de l&rsquo;internaute concernant l&rsquo;utilisation ou non de cookies lors de leur navigation. Son expiration: <b>1 an<\/b>.<\/p>\n<\/div>\n<p>[\/comrepair_feature_box][\/vc_column_inner][vc_column_inner width=\u00a0\u00bb1\/2&Prime; offset=\u00a0\u00bbvc_col-md-3 vc_col-xs-6&Prime;][comrepair_feature_box style=\u00a0\u00bbstyle-2&Prime; icon_font=\u00a0\u00bbtypicons\u00a0\u00bb icon_typicons=\u00a0\u00bbtypcn typcn-code\u00a0\u00bb image_id=\u00a0\u00bb2121&Prime;]<b>pll_language<\/b><\/p>\n<div align=\"justify\">Ce cookie <b>priv\u00e9<\/b>, de typologie <b>technique<\/b>, fait partie de l&rsquo;ensemble des outils utilis\u00e9s pour d\u00e9velopper le site et stocker la langue de navigation par d\u00e9faut. Son expiration: <b>1 an<\/b><\/div>\n<p>[\/comrepair_feature_box][\/vc_column_inner][vc_column_inner width=\u00a0\u00bb1\/2&Prime; offset=\u00a0\u00bbvc_col-md-3 vc_col-xs-6&Prime;][comrepair_feature_box style=\u00a0\u00bbstyle-2&Prime; icon_font=\u00a0\u00bbtypicons\u00a0\u00bb icon_typicons=\u00a0\u00bbtypcn typcn-code\u00a0\u00bb image_id=\u00a0\u00bb2121&Prime;]<b>qtrans_front_language<\/b><\/p>\n<div align=\"justify\">Ce cookie <b>priv\u00e9<\/b>, de typologie <b>technique<\/b>, fait partie de l&rsquo;ensemble des outils utilis\u00e9s pour d\u00e9velopper le site et sauvegarder la langue de navigation s\u00e9lectionn\u00e9e. Son expiration: <b>1 an<\/b>.<\/div>\n<p>[\/comrepair_feature_box][\/vc_column_inner][vc_column_inner width=\u00a0\u00bb1\/2&Prime; offset=\u00a0\u00bbvc_col-md-3 vc_col-xs-6&Prime;][comrepair_feature_box style=\u00a0\u00bbstyle-2&Prime; icon_font=\u00a0\u00bbtypicons\u00a0\u00bb icon_typicons=\u00a0\u00bbtypcn typcn-code\u00a0\u00bb image_id=\u00a0\u00bb2121&Prime;]<b>wp_dlm_downloading<\/b><\/p>\n<div align=\"justify\">Ce cookie <b>priv\u00e9<\/b>, <b>technique<\/b> et <b>temporaire <\/b> est utilis\u00e9 pour contr\u00f4ler les t\u00e9l\u00e9chargements de documents et de fichiers cr\u00e9\u00e9s \u00e0 partir du site Web.Son expiration: <b>1 minute <\/b>.<\/div>\n<p>[\/comrepair_feature_box][\/vc_column_inner][\/vc_row_inner][vc_column_text]<\/p>\n<div align=\"justify\">\n<p><b>Acceptation de la politique de cookie<\/b><\/p>\n<p>Appuyer sur le bouton <b>D&rsquo;accord<\/b> suppose que vous acceptez l&rsquo;utilisation de cookies.<\/p>\n<p><b>Comment modifier la configuration des cookies<\/b><\/p>\n<p>Vous pouvez restreindre, bloquer ou supprimer les cookies de Tecnofruta Levante ou de toute autre page Web en utilisant votre navigateur. Dans chaque navigateur l&rsquo;op\u00e9ration est diff\u00e9rente, la fonction \u00ab\u00a0Aide\u00a0\u00bb vous montrera comment le faire.<\/p>\n<\/div>\n<p>[\/vc_column_text][vc_empty_space height=\u00a0\u00bb16px\u00a0\u00bb][comrepair_feature_box icon_font=\u00a0\u00bbtypicons\u00a0\u00bb icon_typicons=\u00a0\u00bbtypcn typcn-link-outline\u00a0\u00bb]<\/p>\n<div><b>Liens externes<\/b><br \/>\n<a href=\"http:\/\/www.agpd.es\/\">Agence espagnole pour la protection des donn\u00e9es<\/a><\/div>\n<p>[\/comrepair_feature_box][\/vc_column][\/vc_row][\/vc_section]<\/p>","protected":false},"excerpt":{"rendered":"<p>[vc_section][vc_row][vc_column width=\u00a0\u00bb1\/2&Prime;][comrepair_section_heading] Politique de cookies [\/comrepair_section_heading][vc_column_text] Le but de cette politique de cookies est de vous informer de mani\u00e8re claire et pr\u00e9cise sur les cookies utilis\u00e9s sur le site de Tecnofruta Levante S.L. Que sont les cookies? Un cookie est un petit bout de texte que les sites que vous visitez envoient au navigateur et [&hellip;]<\/p>\n","protected":false},"author":1,"featured_media":0,"parent":0,"menu_order":0,"comment_status":"closed","ping_status":"closed","template":"","meta":[],"_links":{"self":[{"href":"https:\/\/www.tecnofruta.com\/fr\/wp-json\/wp\/v2\/pages\/2092"}],"collection":[{"href":"https:\/\/www.tecnofruta.com\/fr\/wp-json\/wp\/v2\/pages"}],"about":[{"href":"https:\/\/www.tecnofruta.com\/fr\/wp-json\/wp\/v2\/types\/page"}],"author":[{"embeddable":true,"href":"https:\/\/www.tecnofruta.com\/fr\/wp-json\/wp\/v2\/users\/1"}],"replies":[{"embeddable":true,"href":"https:\/\/www.tecnofruta.com\/fr\/wp-json\/wp\/v2\/comments?post=2092"}],"version-history":[{"count":35,"href":"https:\/\/www.tecnofruta.com\/fr\/wp-json\/wp\/v2\/pages\/2092\/revisions"}],"predecessor-version":[{"id":2554,"href":"https:\/\/www.tecnofruta.com\/fr\/wp-json\/wp\/v2\/pages\/2092\/revisions\/2554"}],"wp:attachment":[{"href":"https:\/\/www.tecnofruta.com\/fr\/wp-json\/wp\/v2\/media?parent=2092"}],"curies":[{"name":"wp","href":"https:\/\/api.w.org\/{rel}","templated":true}]}}