{"id":2140,"date":"2018-07-16T08:29:03","date_gmt":"2018-07-16T08:29:03","guid":{"rendered":"http:\/\/localhost\/?page_id=2140"},"modified":"2018-09-21T10:01:39","modified_gmt":"2018-09-21T10:01:39","slug":"politica-de-privacidad","status":"publish","type":"page","link":"https:\/\/www.tecnofruta.com\/fr\/politica-de-privacidad\/","title":{"rendered":"Politique de confidentialit\u00e9 et mentions l\u00e9gales"},"content":{"rendered":"<p>[vc_section][vc_row][vc_column width=\u00a0\u00bb1\/2&Prime;][comrepair_section_heading]<\/p>\n<h2>Politique de confidentialit\u00e9<\/h2>\n<p>[\/comrepair_section_heading][vc_column_text]<\/p>\n<div align=\"justify\">\n<p>A travers ce site, les donn\u00e9es personnelles des utilisateurs ne sont pas collect\u00e9es \u00e0 leur insu et ne sont pas transf\u00e9r\u00e9es \u00e0 des tiers. Afin de fournir le meilleur service et afin de faciliter l&rsquo;utilisation, le nombre de pages visit\u00e9es, le nombre de visites, ainsi que l&rsquo;activit\u00e9 des visiteurs et leur fr\u00e9quence d&rsquo;utilisation sont analys\u00e9s. \u00c0 ces fins, Tecnofruta Levante S.L. (TECNOFRUTA) utilise les informations statistiques pr\u00e9par\u00e9es par le fournisseur d&rsquo;acc\u00e8s Internet.<\/p>\n<p>TECNOFRUTA n&rsquo;utilise pas de cookies pour collecter des informations aupr\u00e8s des utilisateurs, ni enregistrer les adresses IP d&rsquo;acc\u00e8s. Seuls les cookies de session sont utilis\u00e9s \u00e0 des fins techniques (ceux qui permettent \u00e0 l&rsquo;utilisateur de naviguer sur le site Web et d&rsquo;utiliser les diff\u00e9rentes options et services qui s&rsquo;y trouvent).<\/p>\n<\/div>\n<p>[\/vc_column_text][\/vc_column][vc_column width=\u00a0\u00bb1\/2&Prime;][vc_single_image image=\u00a0\u00bb1675&Prime; img_size=\u00a0\u00bb768&#215;576&Prime;][\/vc_column][\/vc_row][vc_row][vc_column][vc_column_text]<\/p>\n<div align=\"justify\"><b> Informations de base sur la protection des donn\u00e9es <\/b><br \/>\nCe site Web contient des liens vers des sites Web de tiers, dont les politiques de confidentialit\u00e9 sont \u00e9trang\u00e8res \u00e0 TECNOFRUTA. En acc\u00e9dant \u00e0 ces sites Web, vous pouvez d\u00e9cider d&rsquo;accepter ou non leurs politiques de confidentialit\u00e9 et de cookies. En g\u00e9n\u00e9ral, si vous naviguez sur Internet, vous pouvez accepter ou rejeter les cookies tiers \u00e0 partir des options de configuration de votre navigateur.<\/div>\n<p>Ci-dessous, nous vous informons sur la politique de protection des donn\u00e9es de Tecnofruta Levante S.L.<\/p>\n<p><b> Responsable du traitement <\/b><\/p>\n<p>Les donn\u00e9es personnelles qui pourraient \u00eatre collect\u00e9es directement aupr\u00e8s de l&rsquo;int\u00e9ress\u00e9 seront trait\u00e9es de mani\u00e8re confidentielle et seront int\u00e9gr\u00e9es dans l&rsquo;activit\u00e9 de traitement correspondante d\u00e9tenue par TECNOFRUTA.<\/p>\n<p><b> Objectif <\/b><\/p>\n<p>Le but du traitement des donn\u00e9es correspond \u00e0 chacune des activit\u00e9s de traitement r\u00e9alis\u00e9es par TECNOFRUTA et qui sont accessibles dans le registre des activit\u00e9s de traitement.<\/p>\n<p><b> L\u00e9gitimation <\/b><\/p>\n<p>Le traitement de vos donn\u00e9es est effectu\u00e9 pour le respect des obligations l\u00e9gales par TECNOFRUTA, ainsi que lorsque le but du traitement n\u00e9cessite votre consentement, qui doit \u00eatre fourni par une action affirmative claire.<\/p>\n<p><b> Conservation des donn\u00e9es <\/b><\/p>\n<p>Fourni des donn\u00e9es personnelles seront conserv\u00e9es pendant le temps n\u00e9cessaire pour atteindre le but pour lequel ils ont \u00e9t\u00e9 recueillis et de d\u00e9terminer les passifs \u00e9ventuels qui pourraient d\u00e9couler de l&rsquo;objet, en plus des p\u00e9riodes d\u00e9finies dans le fichier de r\u00e8gles et de la documentation.<\/p>\n<p><b> Communication de donn\u00e9es <\/b><\/p>\n<p>En g\u00e9n\u00e9ral, les donn\u00e9es personnelles ne seront pas communiqu\u00e9es \u00e0 des tiers, \u00e0 l&rsquo;exception des obligations l\u00e9gales, parmi lesquelles peuvent figurer des communications \u00e0 l&rsquo;Ombudsman, aux juges et aux tribunaux, int\u00e9ress\u00e9s par les proc\u00e9dures relatives aux r\u00e9clamations pr\u00e9sent\u00e9es.<\/p>\n<p><b> Droits des parties prenantes <\/b><\/p>\n<p>Toute personne a le droit d&rsquo;obtenir une confirmation du traitement de ses donn\u00e9es par TECNOFRUTA.<\/p>\n<p>Vous pouvez exercer \u00e0 leur traitement vos droits d&rsquo;acc\u00e8s, de rectification, d&rsquo;effacement et la portabilit\u00e9 des donn\u00e9es, la limitation et l&rsquo;opposition et ne pas \u00eatre soumis \u00e0 des d\u00e9cisions bas\u00e9es uniquement sur le traitement automatis\u00e9 des donn\u00e9es, quand ils viennent avant Tecnofruta Levante, SL , C \/ Xaloc, 23, 46240 &#8211; Carlet (Valence) ou dans l&rsquo;adresse e-mail <img decoding=\"async\" loading=\"lazy\" class=\"alignnone size-full wp-image-2218\" src=\"..\/email\/tecnofruta.png\" alt=\"\" width=\"225\" height=\"17\" \/><\/p>\n<p><b> Mentions l\u00e9gales <\/b><\/p>\n<p>Le propri\u00e9taire de ce site est Tecnofruta Levante S.L. (TECNOFRUTA), avec NIF B96656079, demeurant \u00e0 Calle Xaloc, n \u00b0 23, 46240 Carlet (Valencia), et le t\u00e9l\u00e9phone +34 962 532 010.<\/p>\n<p><b> Propri\u00e9t\u00e9 intellectuelle et industrielle <\/b><\/p>\n<p>Cr\u00e9ation de site web et les codes sources, ainsi que les logos, marques et autres signes distinctifs qui apparaissent dans ce appartiennent \u00e0 la TECNOFRUTA et sont prot\u00e9g\u00e9s par la propri\u00e9t\u00e9 intellectuelle et industrielle correspondants.<\/p>\n<p><b> Responsabilit\u00e9 pour le contenu &lt;\/ b&gt;<\/b><\/p>\n<p>TECNOFRUTA n&rsquo;est pas responsable de la l\u00e9galit\u00e9 d&rsquo;autres sites Web tiers \u00e0 partir de laquelle il peut \u00eatre consult\u00e9. TECNOFRUTA n&rsquo;est pas responsable de la l\u00e9galit\u00e9 d&rsquo;autres sites Web de tiers, qui peuvent \u00eatre li\u00e9s ou li\u00e9s \u00e0 partir de ce site.<\/p>\n<p>TECNOFRUTA se r\u00e9serve le droit d&rsquo;apporter des modifications au site Web sans pr\u00e9avis, afin de garder vos informations en ajoutant, modifiant, corriger ou supprimer le contenu publi\u00e9 ou la conception du site.<\/p>\n<p>TECNOFRUTA ne pas \u00eatre tenu responsable de toute utilisation que des tiers peuvent faire des informations diffus\u00e9es sur le site, ni pour les dommages ou les pertes \u00e9conomiques, de produire directement ou indirectement, ou apporter des avantages \u00e9conomiques, des dommages mat\u00e9riels ou de donn\u00e9es, caus\u00e9e par utilisation de ces informations.<\/p>\n<p><b> Lecture de contenu <\/b><\/p>\n<p>La reproduction totale ou partielle des contenus publi\u00e9s sur le site est interdite.<\/p>\n<p><b> Loi applicable <\/b><\/p>\n<p>La loi applicable en cas de litige ou de conflit d&rsquo;interpr\u00e9tation des termes qui composent cet avis juridique, et toute question relative aux services de ce site, sera la loi espagnole.[\/vc_column_text][\/vc_column][\/vc_row][\/vc_section]<\/p>","protected":false},"excerpt":{"rendered":"<p>[vc_section][vc_row][vc_column width=\u00a0\u00bb1\/2&Prime;][comrepair_section_heading] Politique de confidentialit\u00e9 [\/comrepair_section_heading][vc_column_text] A travers ce site, les donn\u00e9es personnelles des utilisateurs ne sont pas collect\u00e9es \u00e0 leur insu et ne sont pas transf\u00e9r\u00e9es \u00e0 des tiers. Afin de fournir le meilleur service et afin de faciliter l&rsquo;utilisation, le nombre de pages visit\u00e9es, le nombre de visites, ainsi que l&rsquo;activit\u00e9 des visiteurs [&hellip;]<\/p>\n","protected":false},"author":1,"featured_media":0,"parent":0,"menu_order":0,"comment_status":"closed","ping_status":"closed","template":"","meta":[],"_links":{"self":[{"href":"https:\/\/www.tecnofruta.com\/fr\/wp-json\/wp\/v2\/pages\/2140"}],"collection":[{"href":"https:\/\/www.tecnofruta.com\/fr\/wp-json\/wp\/v2\/pages"}],"about":[{"href":"https:\/\/www.tecnofruta.com\/fr\/wp-json\/wp\/v2\/types\/page"}],"author":[{"embeddable":true,"href":"https:\/\/www.tecnofruta.com\/fr\/wp-json\/wp\/v2\/users\/1"}],"replies":[{"embeddable":true,"href":"https:\/\/www.tecnofruta.com\/fr\/wp-json\/wp\/v2\/comments?post=2140"}],"version-history":[{"count":16,"href":"https:\/\/www.tecnofruta.com\/fr\/wp-json\/wp\/v2\/pages\/2140\/revisions"}],"predecessor-version":[{"id":2555,"href":"https:\/\/www.tecnofruta.com\/fr\/wp-json\/wp\/v2\/pages\/2140\/revisions\/2555"}],"wp:attachment":[{"href":"https:\/\/www.tecnofruta.com\/fr\/wp-json\/wp\/v2\/media?parent=2140"}],"curies":[{"name":"wp","href":"https:\/\/api.w.org\/{rel}","templated":true}]}}