{"id":2265,"date":"2018-08-30T07:57:47","date_gmt":"2018-08-30T07:57:47","guid":{"rendered":"http:\/\/localhost\/?post_type=product&#038;p=2265"},"modified":"2018-10-02T06:48:47","modified_gmt":"2018-10-02T06:48:47","slug":"tolvas-de-alimentacion","status":"publish","type":"product","link":"https:\/\/www.tecnofruta.com\/fr\/product\/tolvas-de-alimentacion\/","title":{"rendered":"Tr\u00e9mies d&rsquo;alimentation"},"content":{"rendered":"<p><\/p>\n<div align=\"justify\">Construit en acier et plaques polies \u00e9maill\u00e9s dans le four. Il est aliment\u00e9 manuellement avec des palots ou des sacs au sommet. Le produit quitte de mani\u00e8re contr\u00f4l\u00e9e au moyen d&rsquo;une bande transporteuse \u00e0 vitesse variable, situ\u00e9e en bas. Le d\u00e9bit de sortie est contr\u00f4l\u00e9 par une porte \u00e0 ouverture manuelle.<\/p>\n<p><b>Fonctionnalit\u00e9s:<\/b><\/p>\n<ul>\n<li>2 c\u00f4t\u00e9s repliables, pour faciliter le remplissage.<\/li>\n<li>Vibrateurs lat\u00e9raux pour \u00e9viter l\u2019accumulation du produit et son \u00e9vacuation correcte.<\/li>\n<li>Amortisseur d&rsquo;ouverture r\u00e9glable avec volant et broche.<\/li>\n<li>Transporteur de toile avec variateur \u00e9lectronique de vitesse.<\/li>\n<\/ul>\n<\/div>\n<div>\n<h2>Voudriez vous plus d&rsquo;informations?<\/h2>\n<p align=\"justify\">Vous pouvez nous contacter via le formulaire de contact en indiquant la raison de votre demande ou le nom du produit qui vous int\u00e9resse.<\/p>\n<p><a style=\"text-decoration: none; padding: 10px; font-weight:600; font-size: 20px;  color: #ffffff; background-color: #06bd15; border-radius: 6px; border: 2px solid #0016b0;\" href=\"https:\/\/www.tecnofruta.com\/contacts\/\">Contact<\/a>\n<\/div>\n<p><\/p>","protected":false},"excerpt":{"rendered":"<p>Machine pour la r\u00e9ception et dosficiado principalement de l&rsquo;ail et des oignons.<\/p>\n","protected":false},"featured_media":2284,"comment_status":"open","ping_status":"closed","template":"","meta":[],"_links":{"self":[{"href":"https:\/\/www.tecnofruta.com\/fr\/wp-json\/wp\/v2\/product\/2265"}],"collection":[{"href":"https:\/\/www.tecnofruta.com\/fr\/wp-json\/wp\/v2\/product"}],"about":[{"href":"https:\/\/www.tecnofruta.com\/fr\/wp-json\/wp\/v2\/types\/product"}],"replies":[{"embeddable":true,"href":"https:\/\/www.tecnofruta.com\/fr\/wp-json\/wp\/v2\/comments?post=2265"}],"wp:featuredmedia":[{"embeddable":true,"href":"https:\/\/www.tecnofruta.com\/fr\/wp-json\/wp\/v2\/media\/2284"}],"wp:attachment":[{"href":"https:\/\/www.tecnofruta.com\/fr\/wp-json\/wp\/v2\/media?parent=2265"}],"curies":[{"name":"wp","href":"https:\/\/api.w.org\/{rel}","templated":true}]}}