{"id":2269,"date":"2018-08-30T08:32:10","date_gmt":"2018-08-30T08:32:10","guid":{"rendered":"http:\/\/localhost\/?post_type=product&#038;p=2269"},"modified":"2018-10-02T06:48:24","modified_gmt":"2018-10-02T06:48:24","slug":"volcador-de-bins-con-desapilado-y-apilado","status":"publish","type":"product","link":"https:\/\/www.tecnofruta.com\/fr\/product\/volcador-de-bins-con-desapilado-y-apilado\/","title":{"rendered":"Poubelles sans pile et empil\u00e9es"},"content":{"rendered":"<p><\/p>\n<p align=\"justification\"> Les bacs remplis sont plac\u00e9s dans des piles de 3 ou 4 selon leur taille et sont tourn\u00e9s par une hauteur de selle de poubelle autor\u00e9glable. Un convoyeur \u00e0 toile prot\u00e8ge et accompagne les fruits lors de la vidange pour \u00e9viter les chocs. La palette vide est entra\u00een\u00e9e par des pales pneumatiques vers le haut, o\u00f9 elles sont empil\u00e9es automatiquement et s\u2019accumulent jusqu\u2019\u00e0 leur retrait. En fonction de l&rsquo;espace disponible et de l&#8217;emplacement de la machine, cette machine de vidange peut \u00eatre fabriqu\u00e9e avec l&#8217;empilage sup\u00e9rieur des bacs, l&#8217;empilage lat\u00e9ral, l&#8217;empilage avant, etc.<\/p>\n<p><b> Fonctionnalit\u00e9s: <\/b><\/p>\n<ul style=\"text-align:justify\">\n<li> Module introducteur \u00e0 trois hauteurs inf\u00e9rieures au moyen d\u2019un convoyeur \u00e0 cha\u00eene. Cueillette \u00e0 trois hauteurs du devant aussi. <\/li>\n<li> Module de d\u00e9palettisation de bo\u00eete dans la partie inf\u00e9rieure et palettiseur dans la partie sup\u00e9rieure. Ascenseur au moyen d&rsquo;une cellule photo\u00e9lectrique de contr\u00f4le des lames creuses. <\/li>\n<p><Li> Module de retournement continu recouvrant la zone avec le d\u00e9placement d&rsquo;avance du convoyeur de dosage command\u00e9 par cellule photo-\u00e9lectrique avec une hauteur d&rsquo;autor\u00e9glage Palot par vidage de chaise de la cellule photo\u00e9lectrique. <\/li>\n<li> Module de guidage de la bo\u00eete de l\u2019extracteur renvers\u00e9 \u00e0 l\u2019extracteur de cha\u00eene sup\u00e9rieur, au moyen de pinces pneumatiques pour vider la palette vide dans le module sup\u00e9rieur. Panneau \u00e9lectrique par automate et \u00e9cran tactile pour le contr\u00f4le et la manipulation des d\u00e9charges. <\/li>\n<div>\n<h2>Voudriez vous plus d&rsquo;informations?<\/h2>\n<p align=\"justify\">Vous pouvez nous contacter via le formulaire de contact en indiquant la raison de votre demande ou le nom du produit qui vous int\u00e9resse.<\/p>\n<p><a style=\"text-decoration: none; padding: 10px; font-weight:600; font-size: 20px;  color: #ffffff; background-color: #06bd15; border-radius: 6px; border: 2px solid #0016b0;\" href=\"https:\/\/www.tecnofruta.com\/contacts\/\">Contact<\/a>\n<\/div>\n<div>\n<h2>Vid\u00e9os<\/h2>\n<p>\n<iframe loading=\"lazy\" width=\"820\" height=\"461\" src=\"https:\/\/www.youtube.com\/embed\/v5OIe_wuPro?feature=oembed\" frameborder=\"0\" allow=\"autoplay; encrypted-media\" allowfullscreen><\/iframe>\n<\/div>\n<p><\/p>","protected":false},"excerpt":{"rendered":"<p>Bo\u00eete automatique \u00e0 vide, cycle continu mod. VCN-1 pour alimenter une ligne de travail.<\/p>\n","protected":false},"featured_media":2271,"comment_status":"open","ping_status":"closed","template":"","meta":[],"_links":{"self":[{"href":"https:\/\/www.tecnofruta.com\/fr\/wp-json\/wp\/v2\/product\/2269"}],"collection":[{"href":"https:\/\/www.tecnofruta.com\/fr\/wp-json\/wp\/v2\/product"}],"about":[{"href":"https:\/\/www.tecnofruta.com\/fr\/wp-json\/wp\/v2\/types\/product"}],"replies":[{"embeddable":true,"href":"https:\/\/www.tecnofruta.com\/fr\/wp-json\/wp\/v2\/comments?post=2269"}],"wp:featuredmedia":[{"embeddable":true,"href":"https:\/\/www.tecnofruta.com\/fr\/wp-json\/wp\/v2\/media\/2271"}],"wp:attachment":[{"href":"https:\/\/www.tecnofruta.com\/fr\/wp-json\/wp\/v2\/media?parent=2269"}],"curies":[{"name":"wp","href":"https:\/\/api.w.org\/{rel}","templated":true}]}}