{"id":2276,"date":"2018-08-30T08:54:20","date_gmt":"2018-08-30T08:54:20","guid":{"rendered":"http:\/\/localhost\/?post_type=product&#038;p=2276"},"modified":"2018-10-02T06:48:03","modified_gmt":"2018-10-02T06:48:03","slug":"volcador-de-bins-en-continuo","status":"publish","type":"product","link":"https:\/\/www.tecnofruta.com\/fr\/product\/volcador-de-bins-en-continuo\/","title":{"rendered":"Bacs vid\u00e9s en continu"},"content":{"rendered":"<p><\/p>\n<p align=\"justify\"> Les bacs pleins sont introduits par le bas et sont tourn\u00e9s par une hauteur de selle autor\u00e9glable. Un convoyeur \u00e0 toile prot\u00e8ge et accompagne les fruits lors de la vidange pour \u00e9viter les chocs. La palette vide est entra\u00een\u00e9e par des pales pneumatiques, jusqu\u2019au sommet o\u00f9 jusqu\u2019\u00e0 3 bacs vides.<\/p>\n<p><b>Fonctionnalit\u00e9s:<\/b><\/p>\n<ul style=\"text-align:justify\">\n<li>Module introducteur de bo\u00eete un \u00e0 un avant inf\u00e9rieur au moyen de convoyeur de cha\u00eenes (capacit\u00e9 de 2 boites en retard et une tournante).<\/li>\n<li>Le ramassage du top box \u00e0 une hauteur de l\u2019avant (2 bo\u00eetes de r\u00e9serve).<\/li>\n<li>Module de retournement continu recouvrant le bo\u00eetier avec une bande transporteuse mobile, r\u00e9gulant l\u2019alimentation avec une cellule photo\u00e9lectrique de dosage, avec auto-ajustement de la hauteur du palot par cellule photo\u00e9lectrique dans le fauteuil de d\u00e9charge.<\/li>\n<\/ul>\n<div>\n<h2>Voudriez vous plus d&rsquo;informations?<\/h2>\n<p align=\"justify\">Vous pouvez nous contacter via le formulaire de contact en indiquant la raison de votre demande ou le nom du produit qui vous int\u00e9resse.<\/p>\n<p><a style=\"text-decoration: none; padding: 10px; font-weight:600; font-size: 20px;  color: #ffffff; background-color: #06bd15; border-radius: 6px; border: 2px solid #0016b0;\" href=\"https:\/\/www.tecnofruta.com\/contacts\/\">Contact<\/a>\n<\/div>\n<div>\n<h2>Vid\u00e9os<\/h2>\n<p>\n<iframe loading=\"lazy\" width=\"820\" height=\"461\" src=\"https:\/\/www.youtube.com\/embed\/JvJi8tQADE8?feature=oembed\" frameborder=\"0\" allow=\"autoplay; encrypted-media\" allowfullscreen><\/iframe>\n<\/div>\n<p><\/p>","protected":false},"excerpt":{"rendered":"<p>Rotation automatique des palots en mod.VCN-2 continu pour l&rsquo;alimentation d&rsquo;une ligne de travail..<\/p>\n","protected":false},"featured_media":2277,"comment_status":"open","ping_status":"closed","template":"","meta":[],"_links":{"self":[{"href":"https:\/\/www.tecnofruta.com\/fr\/wp-json\/wp\/v2\/product\/2276"}],"collection":[{"href":"https:\/\/www.tecnofruta.com\/fr\/wp-json\/wp\/v2\/product"}],"about":[{"href":"https:\/\/www.tecnofruta.com\/fr\/wp-json\/wp\/v2\/types\/product"}],"replies":[{"embeddable":true,"href":"https:\/\/www.tecnofruta.com\/fr\/wp-json\/wp\/v2\/comments?post=2276"}],"wp:featuredmedia":[{"embeddable":true,"href":"https:\/\/www.tecnofruta.com\/fr\/wp-json\/wp\/v2\/media\/2277"}],"wp:attachment":[{"href":"https:\/\/www.tecnofruta.com\/fr\/wp-json\/wp\/v2\/media?parent=2276"}],"curies":[{"name":"wp","href":"https:\/\/api.w.org\/{rel}","templated":true}]}}