{"id":2285,"date":"2018-09-03T08:26:48","date_gmt":"2018-09-03T08:26:48","guid":{"rendered":"http:\/\/localhost\/?post_type=product&#038;p=2285"},"modified":"2018-10-02T06:47:42","modified_gmt":"2018-10-02T06:47:42","slug":"vaciador-de-bins-simple","status":"publish","type":"product","link":"https:\/\/www.tecnofruta.com\/fr\/product\/vaciador-de-bins-simple\/","title":{"rendered":"Vidage simple des bacs"},"content":{"rendered":"<p><\/p>\n<p align=\"justify\">Fabriqu\u00e9 avec des profils et des plaques \u00e9maill\u00e9es dans le four. Les bacs remplis sont introduits sont introduits de mani\u00e8re unitaire et sont tourn\u00e9s par une chaise avec autor\u00e9gulation de la hauteur du bac. Au moyen d&rsquo;une t\u00e9l\u00e9commande, le processus de tournage et de vidage commence. Le bac renvers\u00e9 repose sur un convoyeur en toile qui l&rsquo;accompagne lors de la vidange afin de ne pas endommager le fruit. Une fois le processus termin\u00e9, le bac vide est retir\u00e9 pour alimenter un autre bac plein. <\/p>\n<p><b>Fonctionnalit\u00e9s:<\/b><\/p>\n<ul style=\"text-align:justify\">\n<li>Groupe hydraulique et pistons hydrauliques pour tous les mouvements.<\/li>\n<li>Man\u0153uvre de l\u2019\u00e9cran tactile.<\/li>\n<li>Commande \u00e0 distance pour l&rsquo;op\u00e9ration de la man\u0153uvre.<\/li>\n<\/ul>\n<div>\n<h2>Voudriez vous plus d&rsquo;informations?<\/h2>\n<p align=\"justify\">Vous pouvez nous contacter via le formulaire de contact en indiquant la raison de votre demande ou le nom du produit qui vous int\u00e9resse.<\/p>\n<p><a style=\"text-decoration: none; padding: 10px; font-weight:600; font-size: 20px;  color: #ffffff; background-color: #06bd15; border-radius: 6px; border: 2px solid #0016b0;\" href=\"https:\/\/www.tecnofruta.com\/contacts\/\">Contact<\/a>\n<\/div>\n<div>\n<h2>Vid\u00e9os<\/h2>\n<p><iframe loading=\"lazy\" width=\"820\" height=\"615\" src=\"https:\/\/www.youtube.com\/embed\/6_lph6O4N54?feature=oembed\" frameborder=\"0\" allow=\"autoplay; encrypted-media\" allowfullscreen><\/iframe>\n<\/div>\n<p><\/p>","protected":false},"excerpt":{"rendered":"<p>Bacs \u00e0 vide mod\u00e8le semi-automatique VBH-1 pour le travail sur lignes \u00e9lectriques.<\/p>\n","protected":false},"featured_media":2286,"comment_status":"open","ping_status":"closed","template":"","meta":[],"_links":{"self":[{"href":"https:\/\/www.tecnofruta.com\/fr\/wp-json\/wp\/v2\/product\/2285"}],"collection":[{"href":"https:\/\/www.tecnofruta.com\/fr\/wp-json\/wp\/v2\/product"}],"about":[{"href":"https:\/\/www.tecnofruta.com\/fr\/wp-json\/wp\/v2\/types\/product"}],"replies":[{"embeddable":true,"href":"https:\/\/www.tecnofruta.com\/fr\/wp-json\/wp\/v2\/comments?post=2285"}],"wp:featuredmedia":[{"embeddable":true,"href":"https:\/\/www.tecnofruta.com\/fr\/wp-json\/wp\/v2\/media\/2286"}],"wp:attachment":[{"href":"https:\/\/www.tecnofruta.com\/fr\/wp-json\/wp\/v2\/media?parent=2285"}],"curies":[{"name":"wp","href":"https:\/\/api.w.org\/{rel}","templated":true}]}}