{"id":2291,"date":"2018-09-03T08:51:45","date_gmt":"2018-09-03T08:51:45","guid":{"rendered":"http:\/\/localhost\/?post_type=product&#038;p=2291"},"modified":"2018-10-02T06:47:20","modified_gmt":"2018-10-02T06:47:20","slug":"volcador-de-cajas","status":"publish","type":"product","link":"https:\/\/www.tecnofruta.com\/fr\/product\/volcador-de-cajas\/","title":{"rendered":"Retourneur de palox simple"},"content":{"rendered":"<p><\/p>\n<p align=\"justify\">Les champs sont annul\u00e9s et le produit est dirig\u00e9 vers la phase suivante du processus. La bo\u00eete arrive, normalement \u00e0 travers un convoyeur \u00e0 cha\u00eene, sur les rouleaux d&rsquo;entr\u00e9e de la benne et est prise entre les deux courroies et retourn\u00e9e pour \u00eatre d\u00e9charg\u00e9e, laissant le produit et se d\u00e9posant dans la machine suivante de la ligne. La bo\u00eete est expuls\u00e9e par un niveau plus \u00e9lev\u00e9 et glisse le long d&rsquo;une rampe jusqu&rsquo;\u00e0 une hauteur confortable \u00e0 collecter. La vitesse est r\u00e9glable en fonction de la ligne de travail.<\/p>\n<p><b> Fonctionnalit\u00e9s:<\/b><\/p>\n<ul style=\"text-align:justify\">\n<li>Variateur de vitesse.<\/li>\n<li>La courbe du rouleau de gravit\u00e9 g\u00e9n\u00e8re des bo\u00eetes vides.<\/li>\n<li>Feuille de sortie pour les bo\u00eetes vides.<\/li>\n<li>Zones de champs de saisie de courbe \u00e0 rouleaux motoris\u00e9s.<\/li>\n<li>Transporteur avec longue toile 2.000 mm alimentant des bo\u00eetes pleines de champs en bas.<\/li>\n<li>Tableau \u00e9lectrique.<\/li>\n<\/ul>\n<div>\n<h2>Voudriez vous plus d&rsquo;informations?<\/h2>\n<p align=\"justify\">Vous pouvez nous contacter via le formulaire de contact en indiquant la raison de votre demande ou le nom du produit qui vous int\u00e9resse.<\/p>\n<p><a style=\"text-decoration: none; padding: 10px; font-weight:600; font-size: 20px;  color: #ffffff; background-color: #06bd15; border-radius: 6px; border: 2px solid #0016b0;\" href=\"https:\/\/www.tecnofruta.com\/contacts\/\">Contact<\/a>\n<\/div>\n<p><\/p>","protected":false},"excerpt":{"rendered":"<p>Retourneur de palox mod\u00e8le NORIA VGC-2 pour le vidage des champs en ligne de travail.<\/p>\n","protected":false},"featured_media":2292,"comment_status":"open","ping_status":"closed","template":"","meta":[],"_links":{"self":[{"href":"https:\/\/www.tecnofruta.com\/fr\/wp-json\/wp\/v2\/product\/2291"}],"collection":[{"href":"https:\/\/www.tecnofruta.com\/fr\/wp-json\/wp\/v2\/product"}],"about":[{"href":"https:\/\/www.tecnofruta.com\/fr\/wp-json\/wp\/v2\/types\/product"}],"replies":[{"embeddable":true,"href":"https:\/\/www.tecnofruta.com\/fr\/wp-json\/wp\/v2\/comments?post=2291"}],"wp:featuredmedia":[{"embeddable":true,"href":"https:\/\/www.tecnofruta.com\/fr\/wp-json\/wp\/v2\/media\/2292"}],"wp:attachment":[{"href":"https:\/\/www.tecnofruta.com\/fr\/wp-json\/wp\/v2\/media?parent=2291"}],"curies":[{"name":"wp","href":"https:\/\/api.w.org\/{rel}","templated":true}]}}