{"id":2309,"date":"2018-09-03T11:47:32","date_gmt":"2018-09-03T11:47:32","guid":{"rendered":"http:\/\/localhost\/?post_type=product&#038;p=2309"},"modified":"2018-10-02T06:45:38","modified_gmt":"2018-10-02T06:45:38","slug":"lavadora-y-secadora-de-pimiento-y-melon","status":"publish","type":"product","link":"https:\/\/www.tecnofruta.com\/fr\/product\/lavadora-y-secadora-de-pimiento-y-melon\/","title":{"rendered":"Laveuse et s\u00e9cheuse \u00e0 poivre et \u00e0 melon"},"content":{"rendered":"<p><\/p>\n<p align=\"justification\">Le lavage et le s\u00e9chage ont lieu dans diff\u00e9rentes zones, sp\u00e9cifi\u00e9es dans les caract\u00e9ristiques techniques. En option, une toile de d\u00e9rivation peut \u00eatre install\u00e9e lorsque le produit n&rsquo;a pas besoin d&rsquo;\u00eatre lav\u00e9.<\/p>\n<p>\n<b>Caract\u00e9ristiques:<\/b><\/p>\n<ul>\n<li>Double moto-r\u00e9ducteur de 1,10Kw \u00e0 vitesse variable pour la rotation des brosses.<\/li>\n<li>Section doubles douches pour fruits de lavage \u00e0 l&rsquo;eau du robinet, \u00e9quip\u00e9 de tubes en acier inoxydable AISI 304 rideaux antiacides douches de structure de support en caoutchouc en acier inoxydable AISI 304 et l&rsquo;\u00e9lectro-valve dans l&rsquo;orifice d&rsquo;entr\u00e9e d&rsquo;eau reli\u00e9e au bo\u00eetier de commande de l&rsquo;installation.<\/li>\n<li>Extracteur de produit de balayage motoris\u00e9 avec 4 rideaux en PVC de 5 mm et but\u00e9e arri\u00e8re pour la rigidit\u00e9, avec cha\u00eenes de dragage en acier inoxydable, r\u00e9ducteur de 0,37 kW avec variateur de vitesse \u00e9lectronique. Le extracteur de fruits sera programm\u00e9 selon les instructions du client.<\/li>\n<li>Axes pour toutes les barres qui rendent la machine, en acier galvanis\u00e9, le syst\u00e8me de transmission avec des cha\u00eenes et des pignons \u00be \u00ab guides de nylon partie centrale de la cha\u00eene \u00be \u00bb et une motorisation de la zone d&rsquo;\u00e9talonnage de guidage en acier \u00c9viter l&rsquo;usure Barres compl\u00e8tes avec rondelles en PVC mont\u00e9es des deux c\u00f4t\u00e9s pour emp\u00eacher l&rsquo;eau de p\u00e9n\u00e9trer dans le syst\u00e8me de transmission. La derni\u00e8re barre de position \u00e0 l&rsquo;ext\u00e9rieur de la structure de la machine pour minimiser la descente.<\/li>\n<li>Barres avec des brosses en nylon \u00d8115 dans la zone de lavage.<\/li>\n<li>Des barres avec des brosses \u00e0 cheveux m\u00e9langent \u00d8115 dans la zone presecado.<\/li>\n<li>Barres avec des brosses de cheveux naturels \u00d8115 dans la zone de s\u00e9chage.<\/li>\n<li>Des racleurs inf\u00e9rieurs pour les barres avec des brosses \u00e0 cheveux en nylon, des cheveux naturels et des cheveux m\u00e9lang\u00e9s.<\/li>\n<li>Barres int\u00e9rieures pour la s\u00e9paration de proc\u00e9d\u00e9s fabriqu\u00e9s avec des tubes en acier inoxydable Aisi304 &#8211; \u00d8115.<\/li>\n<li>Section de s\u00e9chage \u00e0 l&rsquo;air naturel avec 8 ventilateurs h\u00e9lico\u00efdaux de 0,33 kW mont\u00e9s sur une structure en acier inoxydable Aisi304 avec rideaux en PVC.<\/li>\n<li>Ch\u00e2ssis avec pieds t\u00e9lescopiques r\u00e9glables en hauteur.<\/li>\n<li>Panneaux mont\u00e9s sur la partie sup\u00e9rieure de la machine \u00e0 laver, fabriqu\u00e9s avec une plaque en acier inoxydable pli\u00e9e, pour la fermeture de la machine.<\/li>\n<li>2 rideaux fabriqu\u00e9s avec des supports en acier inoxydable et un rideau en caoutchouc anti-acide mont\u00e9 \u00e0 l&rsquo;entr\u00e9e et \u00e0 la sortie de la machine.<\/li>\n<li>Bacs inf\u00e9rieurs avec canal de drainage en t\u00f4le d&rsquo;acier inoxydable pli\u00e9e et acc\u00e8s facile avec poign\u00e9es sur les c\u00f4t\u00e9s pour les extraire.<\/li>\n<li>Caches lat\u00e9raux en t\u00f4le d&rsquo;acier inoxydable Aisi430.<\/li>\n<li>Panneau \u00e9lectrique et installation \u00e9lectrique avec tous les \u00e9l\u00e9ments \u00e9lectriques n\u00e9cessaires pour commander toutes les man\u0153uvres \u00e0 effectuer dans la machine \u00e0 laver.<\/li>\n<\/ul>\n<div>\n<h2>Voudriez vous plus d&rsquo;informations?<\/h2>\n<p align=\"justify\">Vous pouvez nous contacter via le formulaire de contact en indiquant la raison de votre demande ou le nom du produit qui vous int\u00e9resse.<\/p>\n<p><a style=\"text-decoration: none; padding: 10px; font-weight:600; font-size: 20px;  color: #ffffff; background-color: #06bd15; border-radius: 6px; border: 2px solid #0016b0;\" href=\"https:\/\/www.tecnofruta.com\/contacts\/\">Contact<\/a>\n<\/div>\n<p><\/p>","protected":false},"excerpt":{"rendered":"<p>Laveuse et s\u00e9cheuse pour le traitement du poivre et du melon, mod\u00e8le LF1250 en acier inoxydable Aisi304.<\/p>\n","protected":false},"featured_media":2310,"comment_status":"open","ping_status":"closed","template":"","meta":[],"_links":{"self":[{"href":"https:\/\/www.tecnofruta.com\/fr\/wp-json\/wp\/v2\/product\/2309"}],"collection":[{"href":"https:\/\/www.tecnofruta.com\/fr\/wp-json\/wp\/v2\/product"}],"about":[{"href":"https:\/\/www.tecnofruta.com\/fr\/wp-json\/wp\/v2\/types\/product"}],"replies":[{"embeddable":true,"href":"https:\/\/www.tecnofruta.com\/fr\/wp-json\/wp\/v2\/comments?post=2309"}],"wp:featuredmedia":[{"embeddable":true,"href":"https:\/\/www.tecnofruta.com\/fr\/wp-json\/wp\/v2\/media\/2310"}],"wp:attachment":[{"href":"https:\/\/www.tecnofruta.com\/fr\/wp-json\/wp\/v2\/media?parent=2309"}],"curies":[{"name":"wp","href":"https:\/\/api.w.org\/{rel}","templated":true}]}}