{"id":2318,"date":"2018-09-04T10:14:03","date_gmt":"2018-09-04T10:14:03","guid":{"rendered":"http:\/\/localhost\/?post_type=product&#038;p=2318"},"modified":"2018-10-02T06:45:12","modified_gmt":"2018-10-02T06:45:12","slug":"mesas-de-rodillos","status":"publish","type":"product","link":"https:\/\/www.tecnofruta.com\/fr\/product\/mesas-de-rodillos\/","title":{"rendered":"Tables roulantes"},"content":{"rendered":"<p><\/p>\n<p align=\"justify\">Fabriqu\u00e9 avec des profils et des plaques \u00e9maill\u00e9es dans le four. Il permet l&rsquo;assemblage de rouleaux en PVC, en aluminium, en acier inoxydable ou en fer galvanis\u00e9. Les tables \u00e0 rouleaux sont principalement utilis\u00e9es pour le transport et la s\u00e9lection de fruits et \/ ou de l\u00e9gumes, gr\u00e2ce \u00e0 un mouvement de translation \u00e0 vitesse contr\u00f4l\u00e9e. Il est \u00e9galement possible de fournir aux rouleaux un mouvement de rotation pour faciliter la meilleure s\u00e9lection du produit par les op\u00e9rateurs.<\/p>\n<p><b>Fonctionnalit\u00e9s <\/b><\/p>\n<ul>\n<li>Puissance variable en fonction du mod\u00e8le.<\/li>\n<li>Largeurs typiques: 600, 800, 1000, 1200, 1500, 1800 et 2000 mm.<\/li>\n<\/ul>\n<div>\n<h2>Voudriez vous plus d&rsquo;informations?<\/h2>\n<p align=\"justify\">Vous pouvez nous contacter via le formulaire de contact en indiquant la raison de votre demande ou le nom du produit qui vous int\u00e9resse.<\/p>\n<p><a style=\"text-decoration: none; padding: 10px; font-weight:600; font-size: 20px;  color: #ffffff; background-color: #06bd15; border-radius: 6px; border: 2px solid #0016b0;\" href=\"https:\/\/www.tecnofruta.com\/contacts\/\">Contact<\/a>\n<\/div>\n<p><\/p>","protected":false},"excerpt":{"rendered":"<p>Tables \u00e0 rouleaux pour le transport et la classification des produits.<\/p>\n","protected":false},"featured_media":2319,"comment_status":"open","ping_status":"closed","template":"","meta":[],"_links":{"self":[{"href":"https:\/\/www.tecnofruta.com\/fr\/wp-json\/wp\/v2\/product\/2318"}],"collection":[{"href":"https:\/\/www.tecnofruta.com\/fr\/wp-json\/wp\/v2\/product"}],"about":[{"href":"https:\/\/www.tecnofruta.com\/fr\/wp-json\/wp\/v2\/types\/product"}],"replies":[{"embeddable":true,"href":"https:\/\/www.tecnofruta.com\/fr\/wp-json\/wp\/v2\/comments?post=2318"}],"wp:featuredmedia":[{"embeddable":true,"href":"https:\/\/www.tecnofruta.com\/fr\/wp-json\/wp\/v2\/media\/2319"}],"wp:attachment":[{"href":"https:\/\/www.tecnofruta.com\/fr\/wp-json\/wp\/v2\/media?parent=2318"}],"curies":[{"name":"wp","href":"https:\/\/api.w.org\/{rel}","templated":true}]}}