{"id":2323,"date":"2018-09-04T10:39:40","date_gmt":"2018-09-04T10:39:40","guid":{"rendered":"http:\/\/localhost\/?post_type=product&#038;p=2323"},"modified":"2018-10-02T06:44:43","modified_gmt":"2018-10-02T06:44:43","slug":"transportadores-a-lona","status":"publish","type":"product","link":"https:\/\/www.tecnofruta.com\/fr\/product\/transportadores-a-lona\/","title":{"rendered":"Transporteurs de toile"},"content":{"rendered":"<p><\/p>\n<p align=\"justify\">Fabriqu\u00e9 avec des profils et des plaques \u00e9maill\u00e9es dans le four. Con\u00e7u pour le transport rapide et efficace du produit. Large gamme de possibilit\u00e9s de configuration: b\u00e2ches lisses, b\u00e2ches \u00e0 usage alimentaire, toile brute, b\u00e2ches en carton ondul\u00e9, \u00e0 crampons, \u00e0 goutte d&rsquo;eau, r\u00e9sistantes \u00e0 l&rsquo;eau, etc.<\/p>\n<p><b>Fonctionnalit\u00e9s<\/b><\/p>\n<ul>\n<li>Puissance variable en fonction du mod\u00e8le.<\/li>\n<li>Largeurs habituelles: 150, 200, 250, 300, 400, 500, 600, 700, 800, 1000, 1200, 1500, 1800 et 2000 mm.<\/li>\n<\/ul>\n<div>\n<h2>Voudriez vous plus d&rsquo;informations?<\/h2>\n<p align=\"justify\">Vous pouvez nous contacter via le formulaire de contact en indiquant la raison de votre demande ou le nom du produit qui vous int\u00e9resse.<\/p>\n<p><a style=\"text-decoration: none; padding: 10px; font-weight:600; font-size: 20px;  color: #ffffff; background-color: #06bd15; border-radius: 6px; border: 2px solid #0016b0;\" href=\"https:\/\/www.tecnofruta.com\/contacts\/\">Contact<\/a>\n<\/div>\n<p><\/p>","protected":false},"excerpt":{"rendered":"<p>Transporteur de toile pour le transport motoris\u00e9 du produit.<\/p>\n","protected":false},"featured_media":2324,"comment_status":"open","ping_status":"closed","template":"","meta":[],"_links":{"self":[{"href":"https:\/\/www.tecnofruta.com\/fr\/wp-json\/wp\/v2\/product\/2323"}],"collection":[{"href":"https:\/\/www.tecnofruta.com\/fr\/wp-json\/wp\/v2\/product"}],"about":[{"href":"https:\/\/www.tecnofruta.com\/fr\/wp-json\/wp\/v2\/types\/product"}],"replies":[{"embeddable":true,"href":"https:\/\/www.tecnofruta.com\/fr\/wp-json\/wp\/v2\/comments?post=2323"}],"wp:featuredmedia":[{"embeddable":true,"href":"https:\/\/www.tecnofruta.com\/fr\/wp-json\/wp\/v2\/media\/2324"}],"wp:attachment":[{"href":"https:\/\/www.tecnofruta.com\/fr\/wp-json\/wp\/v2\/media?parent=2323"}],"curies":[{"name":"wp","href":"https:\/\/api.w.org\/{rel}","templated":true}]}}