{"id":2329,"date":"2018-09-04T12:01:29","date_gmt":"2018-09-04T12:01:29","guid":{"rendered":"http:\/\/localhost\/?post_type=product&#038;p=2329"},"modified":"2018-10-02T06:51:51","modified_gmt":"2018-10-02T06:51:51","slug":"calibrador-cae-8-sandia","status":"publish","type":"product","link":"https:\/\/www.tecnofruta.com\/fr\/product\/calibrador-cae-8-sandia\/","title":{"rendered":"Calibrateur CAE-8 pour past\u00e8que"},"content":{"rendered":"<p><\/p>\n<p align=\"justify\">Con\u00e7u pour un transport souple, d\u00e9licat et performant, par une cha\u00eene intelligente avec une capacit\u00e9 de remplissage \u00e9lev\u00e9e et un traitement en douceur du produit, \u00e0 la fois lors du chargement et du d\u00e9chargement. La confection peut \u00eatre faite \u00e0 la fois avec des bancs rembourr\u00e9s et des bandes d&rsquo;accumulation motoris\u00e9es. Machine tr\u00e8s silencieuse.<\/p>\n<p><b>Fonctionnalit\u00e9s:<\/b><\/p>\n<ul>\n<li>Communication directe via les r\u00e9seaux avec notre centre d&rsquo;assistance technique.<\/li>\n<li>Option de contr\u00f4le de ligne \u00e0 distance.<\/li>\n<li>Option d&rsquo;\u00e9tiquetage poids\/prix.<\/li>\n<li>Vitesse maximale: 1,4 pas\/seconde<\/li>\n<li>Production: 5000 pi\u00e8ces\/heure<\/li>\n<li>Pourcentage de remplissage: 90%<\/li>\n<\/ul>\n<div>\n<h2>Voudriez vous plus d&rsquo;informations?<\/h2>\n<p align=\"justify\">Vous pouvez nous contacter via le formulaire de contact en indiquant la raison de votre demande ou le nom du produit qui vous int\u00e9resse.<\/p>\n<p><a style=\"text-decoration: none; padding: 10px; font-weight:600; font-size: 20px;  color: #ffffff; background-color: #06bd15; border-radius: 6px; border: 2px solid #0016b0;\" href=\"https:\/\/www.tecnofruta.com\/contacts\/\">Contact<\/a>\n<\/div>\n<div>\n<h2>Vid\u00e9os<\/h2>\n<p><iframe loading=\"lazy\" width=\"820\" height=\"615\" src=\"https:\/\/www.youtube.com\/embed\/wf8OWMhDMy4?feature=oembed\" frameborder=\"0\" allow=\"autoplay; encrypted-media\" allowfullscreen><\/iframe>\n<\/div>\n<p><\/p>","protected":false},"excerpt":{"rendered":"<p>Calibrateur \u00e9lectronique de past\u00e8ques mod\u00e8le CAE-8.<\/p>\n","protected":false},"featured_media":2330,"comment_status":"open","ping_status":"closed","template":"","meta":[],"_links":{"self":[{"href":"https:\/\/www.tecnofruta.com\/fr\/wp-json\/wp\/v2\/product\/2329"}],"collection":[{"href":"https:\/\/www.tecnofruta.com\/fr\/wp-json\/wp\/v2\/product"}],"about":[{"href":"https:\/\/www.tecnofruta.com\/fr\/wp-json\/wp\/v2\/types\/product"}],"replies":[{"embeddable":true,"href":"https:\/\/www.tecnofruta.com\/fr\/wp-json\/wp\/v2\/comments?post=2329"}],"wp:featuredmedia":[{"embeddable":true,"href":"https:\/\/www.tecnofruta.com\/fr\/wp-json\/wp\/v2\/media\/2330"}],"wp:attachment":[{"href":"https:\/\/www.tecnofruta.com\/fr\/wp-json\/wp\/v2\/media?parent=2329"}],"curies":[{"name":"wp","href":"https:\/\/api.w.org\/{rel}","templated":true}]}}