{"id":2337,"date":"2018-09-04T14:29:49","date_gmt":"2018-09-04T14:29:49","guid":{"rendered":"http:\/\/localhost\/?post_type=product&#038;p=2337"},"modified":"2018-10-02T06:53:56","modified_gmt":"2018-10-02T06:53:56","slug":"calibrador-cae-11-polivalente","status":"publish","type":"product","link":"https:\/\/www.tecnofruta.com\/fr\/product\/calibrador-cae-11-polivalente\/","title":{"rendered":"Calibrateur CAE-11 polyvalente"},"content":{"rendered":"<p><\/p>\n<p align=\"justify\">Convient pour une grande vari\u00e9t\u00e9 de produits tels que le cantaloup, Gallia et jaune, le concombre, la courgette, Lamuyo poivre, grand californie, le c\u00e9leri, aubergines, etc.<br \/>\nLe produit est livr\u00e9 au calibrateur au moyen d&rsquo;une table de positionnement, qui peut \u00eatre en aluminium ou en brosse, selon le type de produit. La r\u00e9ception du produit se fait sur des bancs rembourr\u00e9s pour \u00e9viter de l&rsquo;endommager. Emballage et l&rsquo;\u00e9vacuation ult\u00e9rieure des bo\u00eetes est r\u00e9alis\u00e9e dans un socle de support, situ\u00e9 sur le banc ou dans le fond, en fonction de l&rsquo;installation. Apr\u00e8s que la bo\u00eete d&rsquo;\u00e9tablissement sort par une des bo\u00eetes pleines de convoyeur de collecte o\u00f9 tous les conteneurs sont unifi\u00e9s \u00e0 zone de palettisation. Le conteneur vide est aliment\u00e9 au moyen de mini-rails sans motorisation, situ\u00e9s en haut ou en bas des bancs selon les besoins.<\/p>\n<p>\n<b>Fonctionnalit\u00e9s:<\/b><\/p>\n<ul>\n<li>Mod\u00e8le disponible en 1 ou 2 lignes.<\/li>\n<li>Convient aux produits jusqu\u2019\u00e0 450 mm de longueur.<\/li>\n<li>Avec variateur de vitesse.<\/li>\n<li>Production: jusqu&rsquo;\u00e0 10 000 fruits\/heure\/ligne<\/li>\n<\/ul>\n<div>\n<h2>Voudriez vous plus d&rsquo;informations?<\/h2>\n<p align=\"justify\">Vous pouvez nous contacter via le formulaire de contact en indiquant la raison de votre demande ou le nom du produit qui vous int\u00e9resse.<\/p>\n<p><a style=\"text-decoration: none; padding: 10px; font-weight:600; font-size: 20px;  color: #ffffff; background-color: #06bd15; border-radius: 6px; border: 2px solid #0016b0;\" href=\"https:\/\/www.tecnofruta.com\/contacts\/\">Contact<\/a>\n<\/div>\n<div>\n<h2>Vid\u00e9os<\/h2>\n<p><iframe loading=\"lazy\" width=\"820\" height=\"615\" src=\"https:\/\/www.youtube.com\/embed\/b3yH--XVkwM?feature=oembed\" frameborder=\"0\" allow=\"autoplay; encrypted-media\" allowfullscreen><\/iframe><br \/>\n<iframe loading=\"lazy\" width=\"820\" height=\"615\" src=\"https:\/\/www.youtube.com\/embed\/cskgruPFiB4?feature=oembed\" frameborder=\"0\" allow=\"autoplay; encrypted-media\" allowfullscreen><\/iframe>\n<\/div>\n<p><\/p>","protected":false},"excerpt":{"rendered":"<p align=\"justify\">Calibrateur polyvalent fabriqu\u00e9 avec des profil\u00e9s et des feuilles \u00e9maill\u00e9s dans le four et adapt\u00e9 aux produits d&rsquo;une longueur maximale de 450 mm.<\/p>\n","protected":false},"featured_media":2338,"comment_status":"open","ping_status":"closed","template":"","meta":[],"_links":{"self":[{"href":"https:\/\/www.tecnofruta.com\/fr\/wp-json\/wp\/v2\/product\/2337"}],"collection":[{"href":"https:\/\/www.tecnofruta.com\/fr\/wp-json\/wp\/v2\/product"}],"about":[{"href":"https:\/\/www.tecnofruta.com\/fr\/wp-json\/wp\/v2\/types\/product"}],"replies":[{"embeddable":true,"href":"https:\/\/www.tecnofruta.com\/fr\/wp-json\/wp\/v2\/comments?post=2337"}],"wp:featuredmedia":[{"embeddable":true,"href":"https:\/\/www.tecnofruta.com\/fr\/wp-json\/wp\/v2\/media\/2338"}],"wp:attachment":[{"href":"https:\/\/www.tecnofruta.com\/fr\/wp-json\/wp\/v2\/media?parent=2337"}],"curies":[{"name":"wp","href":"https:\/\/api.w.org\/{rel}","templated":true}]}}