{"id":2347,"date":"2018-09-04T15:31:25","date_gmt":"2018-09-04T15:31:25","guid":{"rendered":"http:\/\/localhost\/?post_type=product&#038;p=2347"},"modified":"2018-10-02T06:53:36","modified_gmt":"2018-10-02T06:53:36","slug":"calibrador-car-1143-carolino","status":"publish","type":"product","link":"https:\/\/www.tecnofruta.com\/fr\/product\/calibrador-car-1143-carolino\/","title":{"rendered":"Calibrateur CAR-114,3 Carolino"},"content":{"rendered":"<p><\/p>\n<p align=\"justify\">Calibrateur \u00e9lectronique de derni\u00e8re g\u00e9n\u00e9ration r\u00e9alis\u00e9e avec des profil\u00e9s en aluminium, des plaques en acier inoxydable et des plaques \u00e9maill\u00e9es dans le four.<br \/>\nd\u00e9licatesse exceptionnelle garantie par le syst\u00e8me d&rsquo;\u00e9vacuation progressive permet la banque de r\u00e9ception de fruits transf\u00e9r\u00e9s de camion ou tapisserie, tr\u00e8s doux et \u00e0 la m\u00eame hauteur de travail.<br \/>\nid\u00e9al pour travailler avec des produits fragiles et n\u00e9cessitent un traitement plus d\u00e9licat dans le processus de fabrication d&rsquo;une machine: l&rsquo;ail, les oignons, les kakis, les kiwis, les prunes, les grenades, les agrumes, feuilles d&rsquo;agrumes, les abricots, les Paraguayens, les pommes, les poires, les p\u00eaches, nectarines, etc.<\/p>\n<p>\n<b>Fonctionnalit\u00e9s:<\/b><\/p>\n<ul>\n<li>Calibr\u00e9 selon diff\u00e9rentes grandeurs: poids, diam\u00e8tre, couleur, forme, etc.<\/li>\n<li>Bancs motoris\u00e9s sp\u00e9ciaux pour produits non sph\u00e9riques.<\/li>\n<li>Jusqu&rsquo;\u00e0 6 lignes de travail.<\/li>\n<li>Production: jusqu&rsquo;\u00e0 10 fruits\/seconde\/ligne<\/li>\n<\/ul>\n<div>\n<h2>Voudriez vous plus d&rsquo;informations?<\/h2>\n<p align=\"justify\">Vous pouvez nous contacter via le formulaire de contact en indiquant la raison de votre demande ou le nom du produit qui vous int\u00e9resse.<\/p>\n<p><a style=\"text-decoration: none; padding: 10px; font-weight:600; font-size: 20px;  color: #ffffff; background-color: #06bd15; border-radius: 6px; border: 2px solid #0016b0;\" href=\"https:\/\/www.tecnofruta.com\/contacts\/\">Contact<\/a>\n<\/div>\n<div>\n<h2>Vid\u00e9os<\/h2>\n<p>[incorporer]https:\/\/youtu.be\/WB2YMRa_bwk[\/embed]<br \/>\n[incorporer]https:\/\/youtu.be\/CIPtttQBCD4[\/embed]\n<\/p><\/div>\n<p><\/p>","protected":false},"excerpt":{"rendered":"<p>Calibrateur CAR-114,3 Carolino pour les fruits.<\/p>\n","protected":false},"featured_media":2348,"comment_status":"open","ping_status":"closed","template":"","meta":[],"_links":{"self":[{"href":"https:\/\/www.tecnofruta.com\/fr\/wp-json\/wp\/v2\/product\/2347"}],"collection":[{"href":"https:\/\/www.tecnofruta.com\/fr\/wp-json\/wp\/v2\/product"}],"about":[{"href":"https:\/\/www.tecnofruta.com\/fr\/wp-json\/wp\/v2\/types\/product"}],"replies":[{"embeddable":true,"href":"https:\/\/www.tecnofruta.com\/fr\/wp-json\/wp\/v2\/comments?post=2347"}],"wp:featuredmedia":[{"embeddable":true,"href":"https:\/\/www.tecnofruta.com\/fr\/wp-json\/wp\/v2\/media\/2348"}],"wp:attachment":[{"href":"https:\/\/www.tecnofruta.com\/fr\/wp-json\/wp\/v2\/media?parent=2347"}],"curies":[{"name":"wp","href":"https:\/\/api.w.org\/{rel}","templated":true}]}}