{"id":2362,"date":"2018-09-05T08:11:50","date_gmt":"2018-09-05T08:11:50","guid":{"rendered":"http:\/\/localhost\/?post_type=product&#038;p=2362"},"modified":"2018-10-02T06:41:57","modified_gmt":"2018-10-02T06:41:57","slug":"calibrador-car-1524-para-pimiento-y-melon","status":"publish","type":"product","link":"https:\/\/www.tecnofruta.com\/fr\/product\/calibrador-car-1524-para-pimiento-y-melon\/","title":{"rendered":"Calibrateur CAR-152,4 pour le poivre et le melon"},"content":{"rendered":"<p><\/p>\n<p align=\"justify\">Fabriqu\u00e9 avec des profil\u00e9s en aluminium, en acier inoxydable et des plaques \u00e9maill\u00e9es dans le four. Classification rapide, silencieuse et efficace, avec la possibilit\u00e9 de calibrer par poids, couleur, diam\u00e8tre et d\u00e9fauts. Machine id\u00e9ale pour travailler avec le poivre de Californie, le melon cantaloup, le pamplemousse, etc. D\u00e9licatesse exceptionnelle garantie par le syst\u00e8me de d\u00e9chargement progressif sur les brosses ou les volets pour \u00e9viter les chocs. En utilisant un discriminateur exclusif de Tecnofruta Levante, vous pouvez travailler avec la m\u00eame machine, le melon Galia, le melon jaune ou le melon jaune, ce qui est un grand avantage gr\u00e2ce \u00e0 cette polyvalence.<\/p>\n<p>\n<b>Fonctionnalit\u00e9s:<\/b><\/p>\n<ul align=\"justify\">\n<li>Transportez les ceintures avec un certificat sanitaire sp\u00e9cial pour emp\u00eacher l\u2019adh\u00e9rence du fruit.<\/li>\n<li>Transmission avec Smart-moteurs \u00e0 entra\u00eenement art construit pour une plus grande efficacit\u00e9, m\u00e9canique, \u00e9lectrique et de l&rsquo;\u00e9nergie.<\/li>\n<li>Puissance variable en fonction du mod\u00e8le.<\/li>\n<li>Production de melons: jusqu&rsquo;\u00e0 8.000 kg\/heure\/ligne.<\/li>\n<li>California Production: jusqu&rsquo;\u00e0 3.000 kg\/heure\/ligne.<\/li>\n<\/ul>\n<div>\n<h2>Voudriez vous plus d&rsquo;informations?<\/h2>\n<p align=\"justify\">Vous pouvez nous contacter via le formulaire de contact en indiquant la raison de votre demande ou le nom du produit qui vous int\u00e9resse.<\/p>\n<p><a style=\"text-decoration: none; padding: 10px; font-weight:600; font-size: 20px;  color: #ffffff; background-color: #06bd15; border-radius: 6px; border: 2px solid #0016b0;\" href=\"https:\/\/www.tecnofruta.com\/contacts\/\">Contact<\/a>\n<\/div>\n<div>\n<h2>Vid\u00e9os<\/h2>\n<p><iframe loading=\"lazy\" width=\"820\" height=\"615\" src=\"https:\/\/www.youtube.com\/embed\/zUIzkvDga4M?feature=oembed\" frameborder=\"0\" allow=\"autoplay; encrypted-media\" allowfullscreen><\/iframe><br \/>\n<iframe loading=\"lazy\" width=\"820\" height=\"615\" src=\"https:\/\/www.youtube.com\/embed\/mI9R-2qbzIo?feature=oembed\" frameborder=\"0\" allow=\"autoplay; encrypted-media\" allowfullscreen><\/iframe>\n<\/div>\n<p><\/p>","protected":false},"excerpt":{"rendered":"<p align=\"justify\">Calibrateur \u00e9lectronique de derni\u00e8re g\u00e9n\u00e9ration CAR-152,4 pour melon jaune et melon vert.<\/p>\n","protected":false},"featured_media":2363,"comment_status":"open","ping_status":"closed","template":"","meta":[],"_links":{"self":[{"href":"https:\/\/www.tecnofruta.com\/fr\/wp-json\/wp\/v2\/product\/2362"}],"collection":[{"href":"https:\/\/www.tecnofruta.com\/fr\/wp-json\/wp\/v2\/product"}],"about":[{"href":"https:\/\/www.tecnofruta.com\/fr\/wp-json\/wp\/v2\/types\/product"}],"replies":[{"embeddable":true,"href":"https:\/\/www.tecnofruta.com\/fr\/wp-json\/wp\/v2\/comments?post=2362"}],"wp:featuredmedia":[{"embeddable":true,"href":"https:\/\/www.tecnofruta.com\/fr\/wp-json\/wp\/v2\/media\/2363"}],"wp:attachment":[{"href":"https:\/\/www.tecnofruta.com\/fr\/wp-json\/wp\/v2\/media?parent=2362"}],"curies":[{"name":"wp","href":"https:\/\/api.w.org\/{rel}","templated":true}]}}