{"id":2371,"date":"2018-09-05T10:31:37","date_gmt":"2018-09-05T10:31:37","guid":{"rendered":"http:\/\/localhost\/?post_type=product&#038;p=2371"},"modified":"2018-10-02T06:52:54","modified_gmt":"2018-10-02T06:52:54","slug":"calibrador-cma-2-para-ajos-y-cebollas","status":"publish","type":"product","link":"https:\/\/www.tecnofruta.com\/fr\/product\/calibrador-cma-2-para-ajos-y-cebollas\/","title":{"rendered":"Calibrateur CMA-2 pour l&rsquo;ail et les oignons"},"content":{"rendered":"<p><\/p>\n<p align=\"justify\">\nFabriqu\u00e9 avec des profils et des plaques \u00e9maill\u00e9s dans le four. Classification en acier galvanis\u00e9 avec un diam\u00e8tre pr\u00e9-\u00e9tabli, \u00e0 la fois ail et oignons et certains types de fruits et l\u00e9gumes. Le produit est s\u00e9par\u00e9 en fonction de son diam\u00e8tre, du plus bas au plus \u00e9lev\u00e9. Les tambours et extracteurs exclusifs Tecnofruta Levante emp\u00eachent que le produit soit \u00e9talonn\u00e9 entre les trous de la grille et \u00e9cras\u00e9s. Chaque module d&rsquo;\u00e9talonnage dispose d&rsquo;un syst\u00e8me de vibration ind\u00e9pendant du maillage, r\u00e9glable en fonction du produit.\n<\/p>\n<p>\n<b>Caract\u00e9ristiques:<\/b><\/p>\n<ul align=\"justify\">\n<li>Treillis m\u00e9tallique galvanis\u00e9 de fabrication propre et diam\u00e8tre ind\u00e9formable.<\/li>\n<li>Longueur de la variable des modules en fonction du travail \u00e0 effectuer.<\/li>\n<li>D\u00e9parts pr\u00eats \u00e0 remplir selon les besoins, bo\u00eetes, sacs, palots ou alimenter une ligne de remplissage automatique de palettes.<\/li>\n<\/ul>\n<table \n\n<p align=\"center\">\n<table id=\"tablepress-5\" class=\"tablepress tablepress-id-5\">\n<thead>\n<tr class=\"row-1 odd\">\n\t<th class=\"column-1\">AIL<\/th><th class=\"column-2\">Longueur du module<\/th><th class=\"column-3\">700 mm<\/th><th class=\"column-4\">900 mm<\/th><th class=\"column-5\">1200 mm<\/th><th class=\"column-6\">1500 mm<\/th>\n<\/tr>\n<\/thead>\n<tbody class=\"row-hover\">\n<tr class=\"row-2 even\">\n\t<td class=\"column-1\">CMA-1<\/td><td class=\"column-2\">930 mm<\/td><td class=\"column-3\">2000 kg\/h<\/td><td class=\"column-4\">3500 kg\/h<\/td><td class=\"column-5\">5000 kg\/h<\/td><td class=\"column-6\">6500 kg\/h<\/td>\n<\/tr>\n<tr class=\"row-3 odd\">\n\t<td class=\"column-1\">CMA-2<\/td><td class=\"column-2\">1230 mm<\/td><td class=\"column-3\">2500 kg\/h<\/td><td class=\"column-4\">4000 kg\/h<\/td><td class=\"column-5\">5500 kg\/h<\/td><td class=\"column-6\">7000 kg\/h<\/td>\n<\/tr>\n<tr class=\"row-4 even\">\n\t<td class=\"column-1\">CMA3<\/td><td class=\"column-2\">1700 mm<\/td><td class=\"column-3\">3300 kg\/h<\/td><td class=\"column-4\">4800 kg\/h<\/td><td class=\"column-5\">6300 kg\/h<\/td><td class=\"column-6\">7800 kg\/h<\/td>\n<\/tr>\n<tr class=\"row-5 odd\">\n\t<td class=\"column-1\">CMA-5<\/td><td class=\"column-2\">2285 mm<\/td><td class=\"column-3\">7800 kg\/h<\/td><td class=\"column-4\">9300 kg\/h<\/td><td class=\"column-5\">10800 kg\/h<\/td><td class=\"column-6\">18000 kg\/h<\/td>\n<\/tr>\n<\/tbody>\n<\/table>\n<!-- #tablepress-5 from cache --><\/p>\n<p align=\"center\">\n<table id=\"tablepress-6\" class=\"tablepress tablepress-id-6\">\n<thead>\n<tr class=\"row-1 odd\">\n\t<th class=\"column-1\">OIGNON<\/th><th class=\"column-2\">Longueur du module<\/th><th class=\"column-3\">700 mm<\/th><th class=\"column-4\">900 mm<\/th><th class=\"column-5\">1200 mm<\/th><th class=\"column-6\">1500 mm<\/th>\n<\/tr>\n<\/thead>\n<tbody class=\"row-hover\">\n<tr class=\"row-2 even\">\n\t<td class=\"column-1\">CMA-1<\/td><td class=\"column-2\">930 mm<\/td><td class=\"column-3\">2800 kg\/h<\/td><td class=\"column-4\">4900 kg\/h<\/td><td class=\"column-5\">7000 kg\/h<\/td><td class=\"column-6\">9100 kg\/h<\/td>\n<\/tr>\n<tr class=\"row-3 odd\">\n\t<td class=\"column-1\">CMA-2<\/td><td class=\"column-2\">1230 mm<\/td><td class=\"column-3\">3500 kg\/h<\/td><td class=\"column-4\">5600 kg\/h<\/td><td class=\"column-5\">7700 kg\/h<\/td><td class=\"column-6\">9800 kg\/h<\/td>\n<\/tr>\n<tr class=\"row-4 even\">\n\t<td class=\"column-1\">CMA3<\/td><td class=\"column-2\">1700 mm<\/td><td class=\"column-3\">4600 kg\/h<\/td><td class=\"column-4\">6700 kg\/h<\/td><td class=\"column-5\">8800 kg\/h<\/td><td class=\"column-6\">10900 kg\/h<\/td>\n<\/tr>\n<tr class=\"row-5 odd\">\n\t<td class=\"column-1\">CMA-5<\/td><td class=\"column-2\">2285 mm<\/td><td class=\"column-3\">10900 kg\/h<\/td><td class=\"column-4\">9300 kg\/h<\/td><td class=\"column-5\">15000 kg\/h<\/td><td class=\"column-6\">25000 kg\/h<\/td>\n<\/tr>\n<\/tbody>\n<\/table>\n<!-- #tablepress-6 from cache --><\/p>\n<div>\n<h2>Voudriez vous plus d&rsquo;informations?<\/h2>\n<p align=\"justify\">Vous pouvez nous contacter via le formulaire de contact en indiquant la raison de votre demande ou le nom du produit qui vous int\u00e9resse.<\/p>\n<p><a style=\"text-decoration: none; padding: 10px; font-weight:600; font-size: 20px;  color: #ffffff; background-color: #06bd15; border-radius: 6px; border: 2px solid #0016b0;\" href=\"https:\/\/www.tecnofruta.com\/contacts\/\">Contact<\/a>\n<\/div>\n<div>\n<h2>Vid\u00e9os<\/h2>\n<p><iframe loading=\"lazy\" width=\"820\" height=\"615\" src=\"https:\/\/www.youtube.com\/embed\/iPCaKbHYDac?feature=oembed\" frameborder=\"0\" allow=\"autoplay; encrypted-media\" allowfullscreen><\/iframe><br \/>\n<iframe loading=\"lazy\" width=\"820\" height=\"615\" src=\"https:\/\/www.youtube.com\/embed\/7EDT1p3zPxE?feature=oembed\" frameborder=\"0\" allow=\"autoplay; encrypted-media\" allowfullscreen><\/iframe>\n<\/div>\n<p><\/p>","protected":false},"excerpt":{"rendered":"<p align=\"justify\">Calibrateur \u00e9lectronique du mod\u00e8le CMA-2 de derni\u00e8re g\u00e9n\u00e9ration pour l&rsquo;ail et les oignons.<\/p>\n","protected":false},"featured_media":2372,"comment_status":"open","ping_status":"closed","template":"","meta":[],"_links":{"self":[{"href":"https:\/\/www.tecnofruta.com\/fr\/wp-json\/wp\/v2\/product\/2371"}],"collection":[{"href":"https:\/\/www.tecnofruta.com\/fr\/wp-json\/wp\/v2\/product"}],"about":[{"href":"https:\/\/www.tecnofruta.com\/fr\/wp-json\/wp\/v2\/types\/product"}],"replies":[{"embeddable":true,"href":"https:\/\/www.tecnofruta.com\/fr\/wp-json\/wp\/v2\/comments?post=2371"}],"wp:featuredmedia":[{"embeddable":true,"href":"https:\/\/www.tecnofruta.com\/fr\/wp-json\/wp\/v2\/media\/2372"}],"wp:attachment":[{"href":"https:\/\/www.tecnofruta.com\/fr\/wp-json\/wp\/v2\/media?parent=2371"}],"curies":[{"name":"wp","href":"https:\/\/api.w.org\/{rel}","templated":true}]}}