{"id":2417,"date":"2018-09-06T07:45:14","date_gmt":"2018-09-06T07:45:14","guid":{"rendered":"http:\/\/localhost\/?post_type=product&#038;p=2417"},"modified":"2022-05-03T09:13:34","modified_gmt":"2022-05-03T07:13:34","slug":"linea-de-pre-calibrado","status":"publish","type":"product","link":"https:\/\/www.tecnofruta.com\/fr\/product\/linea-de-pre-calibrado\/","title":{"rendered":"Ligne de pr\u00e9-calibrage"},"content":{"rendered":"<p><\/p>\n<p align=\"justify\">Ensemble de machines pour le d\u00e9pilage des bacs vides, leur distribution \u00e0 un circuit de remplissage de bacs automatiques et leur empilement ult\u00e9rieur (manuel ou automatique). Avec ces circuits, les performances des calibrateurs sont optimis\u00e9es car il n&rsquo;y a pas de temps d&rsquo;arr\u00eat dans l&rsquo;alimentation et l&rsquo;extraction des bacs.<\/p>\n<p><b>Fonctionnalit\u00e9s:<\/b><\/p>\n<ul>\n<li>Barri\u00e8res de s\u00e9curit\u00e9 pour emp\u00eacher le personnel d\u2019acc\u00e9der \u00e0 l\u2019int\u00e9rieur du circuit.<\/li>\n<li>Fabrication sur mesure selon le type de calibrateur auquel il est destin\u00e9.<\/li>\n<li>Rouleaux en acier galvanis\u00e9 et cha\u00eenes renforc\u00e9es.<\/li>\n<li>Possibilit\u00e9 de d\u00e9finir des pr\u00e9f\u00e9rences en fonction du volume de bacs pour remplir certaines sorties.<\/li>\n<\/ul>\n<div>\n<h2>Voudriez vous plus d&rsquo;informations?<\/h2>\n<p align=\"justify\">Vous pouvez nous contacter via le formulaire de contact en indiquant la raison de votre demande ou le nom du produit qui vous int\u00e9resse.<\/p>\n<p><a style=\"text-decoration: none; padding: 10px; font-weight: 600; font-size: 20px; color: #ffffff; background-color: #06bd15; border-radius: 6px; border: 2px solid #0016b0;\" href=\"https:\/\/www.tecnofruta.com\/contacts\/\">Contact<\/a><\/p>\n<\/div>\n<div>\n<h2>Vid\u00e9os<\/h2>\n<p><iframe loading=\"lazy\" width=\"820\" height=\"615\" src=\"https:\/\/www.youtube.com\/embed\/Fz5pNApgaZs?feature=oembed\" frameborder=\"0\" allow=\"accelerometer; autoplay; clipboard-write; encrypted-media; gyroscope; picture-in-picture\" allowfullscreen><\/iframe><\/p>\n<p><iframe loading=\"lazy\" width=\"820\" height=\"615\" src=\"https:\/\/www.youtube.com\/embed\/7EDT1p3zPxE?feature=oembed\" frameborder=\"0\" allow=\"accelerometer; autoplay; clipboard-write; encrypted-media; gyroscope; picture-in-picture\" allowfullscreen><\/iframe><\/p>\n<\/div>\n<p><\/p>","protected":false},"excerpt":{"rendered":"<p>Ligne pr\u00e9-calibr\u00e9e pour calibrateur \u00e9lectronique.<\/p>\n","protected":false},"featured_media":2418,"comment_status":"open","ping_status":"closed","template":"","meta":[],"_links":{"self":[{"href":"https:\/\/www.tecnofruta.com\/fr\/wp-json\/wp\/v2\/product\/2417"}],"collection":[{"href":"https:\/\/www.tecnofruta.com\/fr\/wp-json\/wp\/v2\/product"}],"about":[{"href":"https:\/\/www.tecnofruta.com\/fr\/wp-json\/wp\/v2\/types\/product"}],"replies":[{"embeddable":true,"href":"https:\/\/www.tecnofruta.com\/fr\/wp-json\/wp\/v2\/comments?post=2417"}],"wp:featuredmedia":[{"embeddable":true,"href":"https:\/\/www.tecnofruta.com\/fr\/wp-json\/wp\/v2\/media\/2418"}],"wp:attachment":[{"href":"https:\/\/www.tecnofruta.com\/fr\/wp-json\/wp\/v2\/media?parent=2417"}],"curies":[{"name":"wp","href":"https:\/\/api.w.org\/{rel}","templated":true}]}}