{"id":2425,"date":"2018-09-06T08:43:15","date_gmt":"2018-09-06T08:43:15","guid":{"rendered":"http:\/\/localhost\/?post_type=product&#038;p=2425"},"modified":"2018-10-02T06:49:39","modified_gmt":"2018-10-02T06:49:39","slug":"pesadora-a-granel-pgc-1-y-pgc-2","status":"publish","type":"product","link":"https:\/\/www.tecnofruta.com\/fr\/product\/pesadora-a-granel-pgc-1-y-pgc-2\/","title":{"rendered":"Peseuse en vrac PGC-1 et PGC-2"},"content":{"rendered":"<p><\/p>\n<p align=\"justify\">La balance automatique PGC-1 et PGC-2 a la caract\u00e9ristique la plus appr\u00e9ci\u00e9e pour \u00e9viter que le produit ne soit frapp\u00e9. Il a un syst\u00e8me de remplissage dont la tr\u00e9mie de pesage se d\u00e9place verticalement, descendant \u00e0 la hauteur \u00e0 laquelle la bo\u00eete est vide et se soul\u00e8ve \u00e0 mesure qu&rsquo;elle se remplit. L&rsquo;ascension a lieu en fonction du poids enregistr\u00e9 dans la bo\u00eete lors du remplissage. Chaque tr\u00e9mie est aliment\u00e9e par un convoyeur \/ alimentateur pour produit grossier et une autre fine, ce qui permet d&rsquo;obtenir une plus grande pr\u00e9cision jusqu&rsquo;\u00e0 atteindre le poids par cas pr\u00e9d\u00e9fini.<br \/>\nLe mod\u00e8le PGC-1 est con\u00e7u pour les fruits d\u00e9licats et les poivrons. Il permet la pr\u00e9paration de plats allant jusqu&rsquo;\u00e0 10 kg, bien qu&rsquo;il soit normalement utilis\u00e9 pour des gammes de 5 \u00e0 6 kg.<br \/>\nLe mod\u00e8le PGC-2 permet le remplissage de bo\u00eetes de 20 kg d&rsquo;agrumes et dispose d&rsquo;un vibreur adapt\u00e9 au contenu.<\/p>\n<p>\n<b>Fonctionnalit\u00e9s:<\/b><\/p>\n<ul align = \"justify\">\n<li>Dimension minimale = 1 000 x 3 000 mm.<\/li>\n<li>Syst\u00e8me de classification: Poids en vrac.<\/li>\n<li>Vitesse de travail: 4 bo\u00eetes par minute.<\/li>\n<li>Puissance \u00e9lectrique: 1,25 Cv.<\/li>\n<li>Type de connexion: 3 phases, neutre et terre.<\/li>\n<li>Type de peinture: \u00c9mail cuit au four.<\/li>\n<li>Protection des transmissions: D\u00e9fenses en acier inoxydable.<\/li>\n<li>Pr\u00e9cision du poids: +\/- 10 gr.<\/li>\n<li>Syst\u00e8me de pesage: utilisation de cellules de pesage de 75 kg et sortie de 0 \u00e0 20 mV.<\/li>\n<li>Poids approximatif: 150 kg.<\/li>\n<li>Mode de communication: RS232.<\/li>\n<li>R\u00e9gulation de vitesse: convertisseurs de fr\u00e9quence \u00e9lectroniques.<\/li>\n<\/ul>\n<div>\n<h2>Voudriez vous plus d&rsquo;informations?<\/h2>\n<p align=\"justify\">Vous pouvez nous contacter via le formulaire de contact en indiquant la raison de votre demande ou le nom du produit qui vous int\u00e9resse.<\/p>\n<p><a style=\"text-decoration: none; padding: 10px; font-weight:600; font-size: 20px;  color: #ffffff; background-color: #06bd15; border-radius: 6px; border: 2px solid #0016b0;\" href=\"https:\/\/www.tecnofruta.com\/contacts\/\">Contact<\/a>\n<\/div>\n<div>\n<h2>Vid\u00e9os<\/h2>\n<p>[incorporer]https:\/\/youtu.be\/uNolQEmxzg8[\/embed]<br \/>\n[incorporer]https:\/\/youtu.be\/p10LKsEvYLE[\/embed]\n<\/p><\/div>\n<p><\/p>","protected":false},"excerpt":{"rendered":"<p>Peseuse automatique en vrac mod\u00e8le PGC-1 et PGC-2.<\/p>\n","protected":false},"featured_media":2426,"comment_status":"open","ping_status":"closed","template":"","meta":[],"_links":{"self":[{"href":"https:\/\/www.tecnofruta.com\/fr\/wp-json\/wp\/v2\/product\/2425"}],"collection":[{"href":"https:\/\/www.tecnofruta.com\/fr\/wp-json\/wp\/v2\/product"}],"about":[{"href":"https:\/\/www.tecnofruta.com\/fr\/wp-json\/wp\/v2\/types\/product"}],"replies":[{"embeddable":true,"href":"https:\/\/www.tecnofruta.com\/fr\/wp-json\/wp\/v2\/comments?post=2425"}],"wp:featuredmedia":[{"embeddable":true,"href":"https:\/\/www.tecnofruta.com\/fr\/wp-json\/wp\/v2\/media\/2426"}],"wp:attachment":[{"href":"https:\/\/www.tecnofruta.com\/fr\/wp-json\/wp\/v2\/media?parent=2425"}],"curies":[{"name":"wp","href":"https:\/\/api.w.org\/{rel}","templated":true}]}}