{"id":2431,"date":"2018-09-06T09:59:25","date_gmt":"2018-09-06T09:59:25","guid":{"rendered":"http:\/\/localhost\/?post_type=product&#038;p=2431"},"modified":"2018-10-02T06:49:12","modified_gmt":"2018-10-02T06:49:12","slug":"transporte-de-envases","status":"publish","type":"product","link":"https:\/\/www.tecnofruta.com\/fr\/product\/transporte-de-envases\/","title":{"rendered":"Transport de conteneurs"},"content":{"rendered":"<p><\/p>\n<p align=\"justify\">Machines et articles destin\u00e9s au d\u00e9placement de conteneurs vides ou remplis dans l&rsquo;espace de travail. Le mouvement peut \u00eatre par gravit\u00e9 ou motoris\u00e9 en fonction de son application.<\/p>\n<div>\n<h2>Voudriez vous plus d&rsquo;informations?<\/h2>\n<p align=\"justify\">Vous pouvez nous contacter via le formulaire de contact en indiquant la raison de votre demande ou le nom du produit qui vous int\u00e9resse.<\/p>\n<p><a style=\"text-decoration: none; padding: 10px; font-weight:600; font-size: 20px;  color: #ffffff; background-color: #06bd15; border-radius: 6px; border: 2px solid #0016b0;\" href=\"https:\/\/www.tecnofruta.com\/contacts\/\">Contact<\/a>\n<\/div>\n<p><\/p>","protected":false},"excerpt":{"rendered":"<p>Transport de conteneurs dans l&rsquo;espace de travail.<\/p>\n","protected":false},"featured_media":2432,"comment_status":"open","ping_status":"closed","template":"","meta":[],"_links":{"self":[{"href":"https:\/\/www.tecnofruta.com\/fr\/wp-json\/wp\/v2\/product\/2431"}],"collection":[{"href":"https:\/\/www.tecnofruta.com\/fr\/wp-json\/wp\/v2\/product"}],"about":[{"href":"https:\/\/www.tecnofruta.com\/fr\/wp-json\/wp\/v2\/types\/product"}],"replies":[{"embeddable":true,"href":"https:\/\/www.tecnofruta.com\/fr\/wp-json\/wp\/v2\/comments?post=2431"}],"wp:featuredmedia":[{"embeddable":true,"href":"https:\/\/www.tecnofruta.com\/fr\/wp-json\/wp\/v2\/media\/2432"}],"wp:attachment":[{"href":"https:\/\/www.tecnofruta.com\/fr\/wp-json\/wp\/v2\/media?parent=2431"}],"curies":[{"name":"wp","href":"https:\/\/api.w.org\/{rel}","templated":true}]}}